{"id":20205532,"date":"2023-03-08T10:18:26","date_gmt":"2023-03-08T09:18:26","guid":{"rendered":"https:\/\/brainkinetik.online\/?page_id=20205532"},"modified":"2023-03-13T13:12:46","modified_gmt":"2023-03-13T12:12:46","slug":"brainingbreak","status":"publish","type":"page","link":"https:\/\/brainkinetik.online\/en\/brainingbreak\/","title":{"rendered":"BRAININGbreak"},"content":{"rendered":"<p>[et_pb_section fb_built=&#8221;1&#8243; admin_label=&#8221;Steps&#8221; module_class=&#8221;custom-element&#8221; _builder_version=&#8221;4.20.0&#8243; _module_preset=&#8221;default&#8221; background_color=&#8221;#E61873&#8243; background_image=&#8221;https:\/\/brainkinetik.online\/wp-content\/uploads\/2023\/01\/DSC8768-169-scaled.jpg&#8221; background_size=&#8221;custom&#8221; background_image_height=&#8221;130%&#8221; background_position=&#8221;top_right&#8221; background_horizontal_offset=&#8221;-14%&#8221; background_vertical_offset=&#8221;43%&#8221; background_enable_video_mp4=&#8221;off&#8221; background_enable_mask_style=&#8221;on&#8221; background_mask_style=&#8221;caret&#8221; background_mask_color=&#8221;#E61873&#8243; custom_padding=&#8221;||0px|||&#8221; background_last_edited=&#8221;on|phone&#8221; background_enable_image_tablet=&#8221;off&#8221; background_image_height_tablet=&#8221;65%&#8221; background_position_tablet=&#8221;bottom_right&#8221; background_horizontal_offset_tablet=&#8221;-37%&#8221; collapsed=&#8221;on&#8221; global_colors_info=&#8221;{}&#8221;][et_pb_row column_structure=&#8221;1_2,1_2&#8243; custom_padding_last_edited=&#8221;on|desktop&#8221; _builder_version=&#8221;4.19.5&#8243; _module_preset=&#8221;default&#8221; background_enable_color=&#8221;off&#8221; background_enable_video_mp4=&#8221;off&#8221; custom_padding=&#8221;||45px|||&#8221; custom_padding_tablet=&#8221;||0px||false|false&#8221; custom_padding_phone=&#8221;||0px||false|false&#8221; global_colors_info=&#8221;{}&#8221;][et_pb_column type=&#8221;1_2&#8243; _builder_version=&#8221;4.19.4&#8243; _module_preset=&#8221;default&#8221; custom_padding_tablet=&#8221;0px||0px||false|false&#8221; custom_padding_phone=&#8221;0px||0px||false|false&#8221; custom_padding_last_edited=&#8221;on|tablet&#8221; global_colors_info=&#8221;{}&#8221;][et_pb_text _builder_version=&#8221;4.19.5&#8243; _module_preset=&#8221;b327cbe4-b1d5-4b66-ad37-40c8f2f061ba&#8221; text_text_color=&#8221;#E61873&#8243; header_font=&#8221;Poppins|600|||||||&#8221; header_text_color=&#8221;#FFFFFF&#8221; header_font_size=&#8221;95px&#8221; header_2_text_color=&#8221;#E61873&#8243; header_2_font_size=&#8221;46px&#8221; min_height_tablet=&#8221;&#8221; min_height_phone=&#8221;&#8221; min_height_last_edited=&#8221;on|phone&#8221; custom_margin=&#8221;||4px|||&#8221; animation_style=&#8221;slide&#8221; animation_direction=&#8221;right&#8221; header_text_align_tablet=&#8221;&#8221; header_text_align_phone=&#8221;center&#8221; header_text_align_last_edited=&#8221;on|phone&#8221; header_font_size_tablet=&#8221;95px&#8221; header_font_size_phone=&#8221;33px&#8221; header_font_size_last_edited=&#8221;on|phone&#8221; global_colors_info=&#8221;{}&#8221;]<\/p>\n<h1>BRAINING<\/h1>\n<h1>break<\/h1>\n<p>[\/et_pb_text][et_pb_text _builder_version=&#8221;4.19.5&#8243; _module_preset=&#8221;default&#8221; header_2_text_color=&#8221;#FFFFFF&#8221; animation_style=&#8221;slide&#8221; animation_direction=&#8221;right&#8221; header_2_text_align_tablet=&#8221;&#8221; header_2_text_align_phone=&#8221;center&#8221; header_2_text_align_last_edited=&#8221;on|tablet&#8221; global_colors_info=&#8221;{}&#8221;]<\/p>\n<h2>Kurz und knackig.<\/h2>\n<p>[\/et_pb_text][et_pb_text _builder_version=&#8221;4.19.5&#8243; _module_preset=&#8221;1f09816e-184e-4ce5-a4cf-b39c52c423ca&#8221; text_font=&#8221;Montserrat||||||||&#8221; text_text_color=&#8221;#FFFFFF&#8221; text_font_size=&#8221;17px&#8221; custom_margin_tablet=&#8221;|130px|||false|false&#8221; custom_margin_phone=&#8221;|0px|||false|false&#8221; custom_margin_last_edited=&#8221;on|phone&#8221; animation_style=&#8221;slide&#8221; animation_direction=&#8221;right&#8221; animation_delay=&#8221;50ms&#8221; header_font_size_tablet=&#8221;55px&#8221; header_font_size_last_edited=&#8221;off|desktop&#8221; text_orientation_tablet=&#8221;&#8221; text_orientation_phone=&#8221;center&#8221; text_orientation_last_edited=&#8221;on|phone&#8221; global_colors_info=&#8221;{}&#8221;]<\/p>\n<div title=\"Page 1\">\n<div>\n<div>\n<div>\n<p>Unsere bewegte Pause ist der ideale break im Rahmen einer Tagung, Besprechung oder sonstigen Zusammenkunft.<\/p>\n<\/div>\n<\/div>\n<\/div>\n<\/div>\n<p>[\/et_pb_text][\/et_pb_column][et_pb_column type=&#8221;1_2&#8243; _builder_version=&#8221;4.19.4&#8243; _module_preset=&#8221;default&#8221; global_colors_info=&#8221;{}&#8221;][et_pb_image src=&#8221;https:\/\/brainkinetik.online\/wp-content\/uploads\/2023\/01\/DSC8768-169-scaled.jpg&#8221; title_text=&#8221;_DSC8768-169&#8243; align_tablet=&#8221;center&#8221; align_phone=&#8221;center&#8221; align_last_edited=&#8221;on|tablet&#8221; disabled_on=&#8221;off|off|on&#8221; _builder_version=&#8221;4.20.0&#8243; _module_preset=&#8221;default&#8221; transform_scale_tablet=&#8221;116%|116%&#8221; transform_scale_phone=&#8221;116%|116%&#8221; transform_scale_last_edited=&#8221;on|tablet&#8221; transform_translate_tablet=&#8221;0px|20px&#8221; transform_translate_phone=&#8221;1px|19px&#8221; transform_translate_last_edited=&#8221;on|phone&#8221; transform_translate_linked_tablet=&#8221;off&#8221; transform_rotate_tablet=&#8221;&#8221; transform_rotate_phone=&#8221;&#8221; transform_rotate_last_edited=&#8221;on|desktop&#8221; transform_skew_tablet=&#8221;&#8221; transform_skew_phone=&#8221;&#8221; transform_skew_last_edited=&#8221;on|desktop&#8221; transform_origin_tablet=&#8221;&#8221; transform_origin_phone=&#8221;&#8221; transform_origin_last_edited=&#8221;on|desktop&#8221; transform_styles_last_edited=&#8221;on|phone&#8221; max_width=&#8221;63%&#8221; transform_styles_tablet=&#8221;&#8221; transform_styles_phone=&#8221;&#8221; box_shadow_style=&#8221;preset1&#8243; global_colors_info=&#8221;{}&#8221;][\/et_pb_image][\/et_pb_column][\/et_pb_row][\/et_pb_section][et_pb_section fb_built=&#8221;1&#8243; _builder_version=&#8221;4.19.5&#8243; _module_preset=&#8221;default&#8221; background_color=&#8221;#FFFFFF&#8221; custom_padding=&#8221;||1px|||&#8221; global_colors_info=&#8221;{}&#8221;][et_pb_row _builder_version=&#8221;4.19.5&#8243; _module_preset=&#8221;default&#8221; custom_padding=&#8221;||0px|||&#8221; global_colors_info=&#8221;{}&#8221;][et_pb_column type=&#8221;4_4&#8243; _builder_version=&#8221;4.19.4&#8243; _module_preset=&#8221;default&#8221; global_colors_info=&#8221;{}&#8221;][et_pb_text _builder_version=&#8221;4.19.5&#8243; _module_preset=&#8221;default&#8221; text_font=&#8221;Montserrat||||||||&#8221; text_font_size=&#8221;17px&#8221; header_2_text_color=&#8221;#E61873&#8243; animation_style=&#8221;fade&#8221; global_colors_info=&#8221;{}&#8221;]<\/p>\n<h2>BEWEGTE UNTERBRECHUNG.<\/h2>\n<p>Ganz egal ob vor oder nach dem Essen oder einfach zwischendurch. Bewusste Bewegung mit Hirn bietet in jedem Fall eine gelungene Abwechslung und passt immer dann, wenn es darum geht mal \u201ekurz\u201c abzuschalten.<\/p>\n<p>[\/et_pb_text][et_pb_blurb title=&#8221;\u201eEcht cool, wie schnell man abschaltet und komplett raus ist.\u201c  &#8221; use_icon=&#8221;on&#8221; font_icon=&#8221;&#x7c;||divi||400&#8243; icon_color=&#8221;#E61873&#8243; image_icon_background_color=&#8221;RGBA(255,255,255,0)&#8221; icon_placement=&#8221;left&#8221; image_icon_width=&#8221;64px&#8221; content_max_width=&#8221;100%&#8221; _builder_version=&#8221;4.19.5&#8243; _module_preset=&#8221;ef4b7351-5567-4935-b7c7-fed3daeebfdb&#8221; header_level=&#8221;h3&#8243; header_font=&#8221;Poppins|700|||||||&#8221; header_text_color=&#8221;#E61873&#8243; header_font_size=&#8221;20px&#8221; header_line_height=&#8221;1.4em&#8221; body_font=&#8221;Montserrat||||||||&#8221; body_text_color=&#8221;#E61873&#8243; body_line_height=&#8221;1.4em&#8221; animation_style=&#8221;slide&#8221; animation_direction=&#8221;right&#8221; animation=&#8221;off&#8221; header_font_size_tablet=&#8221;&#8221; header_font_size_phone=&#8221;16px&#8221; header_font_size_last_edited=&#8221;on|phone&#8221; locked=&#8221;off&#8221; global_colors_info=&#8221;{}&#8221;]<\/p>\n<p>Teilnehmer<\/p>\n<p>[\/et_pb_blurb][et_pb_text _builder_version=&#8221;4.19.5&#8243; _module_preset=&#8221;default&#8221; text_font=&#8221;Montserrat||||||||&#8221; text_font_size=&#8221;17px&#8221; header_2_text_color=&#8221;#E61873&#8243; animation_style=&#8221;fade&#8221; global_colors_info=&#8221;{}&#8221;]<\/p>\n<p>Durch unser BRAINER-Netzwerk bieten wir Euch (je nach Ort) die M\u00f6glichkeit einen qualifizierten BRAINER f\u00fcr einen BRAININGbreak zu gewinnen. Teilt uns einfach mit, wo und wann ihr gerne ein break h\u00e4ttet. Wir pr\u00fcfen dann umgehend, ob ein BRAINER in eurer Gegend zur Verf\u00fcgung steht.<\/p>\n<p>[\/et_pb_text][\/et_pb_column][\/et_pb_row][et_pb_row _builder_version=&#8221;4.19.5&#8243; _module_preset=&#8221;default&#8221; custom_padding=&#8221;||0px|||&#8221; global_colors_info=&#8221;{}&#8221;][et_pb_column type=&#8221;4_4&#8243; _builder_version=&#8221;4.19.4&#8243; _module_preset=&#8221;default&#8221; global_colors_info=&#8221;{}&#8221;][et_pb_text _builder_version=&#8221;4.20.2&#8243; _module_preset=&#8221;default&#8221; text_font=&#8221;Montserrat||||||||&#8221; text_font_size=&#8221;17px&#8221; header_2_text_color=&#8221;#E61873&#8243; animation_style=&#8221;fade&#8221; hover_enabled=&#8221;0&#8243; global_colors_info=&#8221;{}&#8221; sticky_enabled=&#8221;0&#8243;]<\/p>\n<h2>BRAININGbreak ONLINE<\/h2>\n<p>Alternativ zu einem break in Pr\u00e4senz vor Ort bieten wir Euch die M\u00f6glichkeit auf einer unserer ONLINE realisierten BRAININGbreaks zuzugreifen und diese \u00fcber Screen, Beamer o.\u00e4. einzuspielen. Die einzelnen breaks dauern zwischen 6 und 12 Minuten und k\u00f6nnen sowohl im Sitzen als auch im Stehen durchgef\u00fchrt werden und ben\u00f6tigt daf\u00fcr KEIN Equipment. Am besten ihr fordert direkt ein Angebot an und probiert\u00b4s einfach mal aus.<\/p>\n<p>[\/et_pb_text][\/et_pb_column][\/et_pb_row][\/et_pb_section][et_pb_section fb_built=&#8221;1&#8243; _builder_version=&#8221;4.19.5&#8243; _module_preset=&#8221;default&#8221; global_colors_info=&#8221;{}&#8221;][et_pb_row column_structure=&#8221;1_2,1_2&#8243; _builder_version=&#8221;4.19.5&#8243; _module_preset=&#8221;default&#8221; background_color=&#8221;#E61873&#8243; border_radii=&#8221;on|25px|25px|25px|25px&#8221; box_shadow_style=&#8221;preset1&#8243; global_colors_info=&#8221;{}&#8221;][et_pb_column type=&#8221;1_2&#8243; _builder_version=&#8221;4.19.5&#8243; _module_preset=&#8221;default&#8221; global_colors_info=&#8221;{}&#8221;][et_pb_text _builder_version=&#8221;4.19.5&#8243; _module_preset=&#8221;default&#8221; text_font=&#8221;Montserrat||||||||&#8221; text_text_color=&#8221;#FFFFFF&#8221; text_font_size=&#8221;17px&#8221; header_2_text_color=&#8221;#FFFFFF&#8221; custom_margin=&#8221;|||25px|false|false&#8221; global_colors_info=&#8221;{}&#8221;]<\/p>\n<h2>ANGEBOT ANFORDERN<\/h2>\n<p>Ihr habt Interesse an einem BRAININGbreak? Dann fordert jetzt einfach Euer individuelles Angebot an. Bitte gebt an, wann und wo euer Event stattfinden soll und mit wie vielen Teilnehmern ihr ungef\u00e4hr rechnet. Wir werden uns umgehend bei Euch melden.<\/p>\n<p>[\/et_pb_text][\/et_pb_column][et_pb_column type=&#8221;1_2&#8243; _builder_version=&#8221;4.19.5&#8243; _module_preset=&#8221;default&#8221; global_colors_info=&#8221;{}&#8221;][et_pb_contact_form email=&#8221;hallo@brainkinetik.online&#8221; custom_message=&#8221;Neue Angebotsanfrage \u00fcber die Website (BRAININGbreak):||et_pb_line_break_holder||||et_pb_line_break_holder||Name: %%Name%%||et_pb_line_break_holder||E-Mail: %%Email%%||et_pb_line_break_holder||Organisation, Verein: %%Organisation%%||et_pb_line_break_holder||Anzahl Teilnehmer: %%Anzahl%%||et_pb_line_break_holder||Zeitraum\/Datum: %%Datum%%||et_pb_line_break_holder||Ort: %%PLZ%%&#8221; success_message=&#8221;Deine Anfrage wurde erfolgreich gesendet.&#8221; submit_button_text=&#8221;Jetzt Angebot anfordern&#8221; module_class=&#8221;contact-form-custom&#8221; _builder_version=&#8221;4.20.0&#8243; _module_preset=&#8221;default&#8221; _unique_id=&#8221;eaf399fb-d4ef-4432-8217-e3f4ce584272&#8243; form_field_background_color=&#8221;#FFFFFF&#8221; form_field_text_color=&#8221;#E61873&#8243; form_field_focus_background_color=&#8221;#FFFFFF&#8221; form_field_focus_text_color=&#8221;#E61873&#8243; title_font=&#8221;Poppins|600|||||||&#8221; title_text_color=&#8221;#FFFFFF&#8221; title_font_size=&#8221;30px&#8221; captcha_text_color=&#8221;#FFFFFF&#8221; custom_button=&#8221;on&#8221; button_text_size=&#8221;17px&#8221; button_text_color=&#8221;#FFFFFF&#8221; button_icon=&#8221;&#x35;||divi||400&#8243; button_custom_margin=&#8221;12px||||false|false&#8221; custom_margin=&#8221;|25px||25px|false|false&#8221; box_shadow_style_button=&#8221;preset1&#8243; global_colors_info=&#8221;{}&#8221; button_border_color__hover_enabled=&#8221;on|hover&#8221; button_border_color__hover=&#8221;#FFFFFF&#8221;][et_pb_contact_field field_id=&#8221;Name&#8221; field_title=&#8221;Name&#8221; _builder_version=&#8221;4.19.5&#8243; border_radii=&#8221;on|5px|5px|5px|5px&#8221; global_colors_info=&#8221;{}&#8221; button_text_size__hover_enabled=&#8221;off&#8221; button_one_text_size__hover_enabled=&#8221;off&#8221; button_two_text_size__hover_enabled=&#8221;off&#8221; button_text_color__hover_enabled=&#8221;off&#8221; button_one_text_color__hover_enabled=&#8221;off&#8221; button_two_text_color__hover_enabled=&#8221;off&#8221; button_border_width__hover_enabled=&#8221;off&#8221; button_one_border_width__hover_enabled=&#8221;off&#8221; button_two_border_width__hover_enabled=&#8221;off&#8221; button_border_color__hover_enabled=&#8221;off&#8221; button_one_border_color__hover_enabled=&#8221;off&#8221; button_two_border_color__hover_enabled=&#8221;off&#8221; button_border_radius__hover_enabled=&#8221;off&#8221; button_one_border_radius__hover_enabled=&#8221;off&#8221; button_two_border_radius__hover_enabled=&#8221;off&#8221; button_letter_spacing__hover_enabled=&#8221;off&#8221; button_one_letter_spacing__hover_enabled=&#8221;off&#8221; button_two_letter_spacing__hover_enabled=&#8221;off&#8221; button_bg_color__hover_enabled=&#8221;off&#8221; button_one_bg_color__hover_enabled=&#8221;off&#8221; button_two_bg_color__hover_enabled=&#8221;off&#8221;][\/et_pb_contact_field][et_pb_contact_field field_id=&#8221;Email&#8221; field_title=&#8221;E-Mail-Adresse&#8221; field_type=&#8221;email&#8221; _builder_version=&#8221;4.19.5&#8243; border_radii=&#8221;on|5px|5px|5px|5px&#8221; global_colors_info=&#8221;{}&#8221; button_text_size__hover_enabled=&#8221;off&#8221; button_one_text_size__hover_enabled=&#8221;off&#8221; button_two_text_size__hover_enabled=&#8221;off&#8221; button_text_color__hover_enabled=&#8221;off&#8221; button_one_text_color__hover_enabled=&#8221;off&#8221; button_two_text_color__hover_enabled=&#8221;off&#8221; button_border_width__hover_enabled=&#8221;off&#8221; button_one_border_width__hover_enabled=&#8221;off&#8221; button_two_border_width__hover_enabled=&#8221;off&#8221; button_border_color__hover_enabled=&#8221;off&#8221; button_one_border_color__hover_enabled=&#8221;off&#8221; button_two_border_color__hover_enabled=&#8221;off&#8221; button_border_radius__hover_enabled=&#8221;off&#8221; button_one_border_radius__hover_enabled=&#8221;off&#8221; button_two_border_radius__hover_enabled=&#8221;off&#8221; button_letter_spacing__hover_enabled=&#8221;off&#8221; button_one_letter_spacing__hover_enabled=&#8221;off&#8221; button_two_letter_spacing__hover_enabled=&#8221;off&#8221; button_bg_color__hover_enabled=&#8221;off&#8221; button_one_bg_color__hover_enabled=&#8221;off&#8221; button_two_bg_color__hover_enabled=&#8221;off&#8221;][\/et_pb_contact_field][et_pb_contact_field field_id=&#8221;Organisation&#8221; field_title=&#8221;Organisation, Verein&#8230;&#8221; _builder_version=&#8221;4.19.5&#8243; _module_preset=&#8221;default&#8221; border_radii=&#8221;on|5px|5px|5px|5px&#8221; global_colors_info=&#8221;{}&#8221;][\/et_pb_contact_field][et_pb_contact_field field_id=&#8221;Anzahl&#8221; field_title=&#8221;Anzahl Teilnehmer&#8221; _builder_version=&#8221;4.19.5&#8243; _module_preset=&#8221;default&#8221; border_radii=&#8221;on|5px|5px|5px|5px&#8221; global_colors_info=&#8221;{}&#8221;][\/et_pb_contact_field][et_pb_contact_field field_id=&#8221;Datum&#8221; field_title=&#8221;Zeitraum\/Datum&#8221; field_title_last_edited=&#8221;off|desktop&#8221; _builder_version=&#8221;4.19.5&#8243; _module_preset=&#8221;default&#8221; border_radii=&#8221;on|5px|5px|5px|5px&#8221; global_colors_info=&#8221;{}&#8221;][\/et_pb_contact_field][et_pb_contact_field field_id=&#8221;PLZ&#8221; field_title=&#8221;PLZ, Ort&#8221; _builder_version=&#8221;4.19.5&#8243; _module_preset=&#8221;default&#8221; border_radii=&#8221;on|5px|5px|5px|5px&#8221; global_colors_info=&#8221;{}&#8221;][\/et_pb_contact_field][\/et_pb_contact_form][\/et_pb_column][\/et_pb_row][\/et_pb_section]<\/p>\n","protected":false},"excerpt":{"rendered":"<p>BRAINING breakKurz und knackig. Unsere bewegte Pause ist der ideale break im Rahmen einer Tagung, Besprechung oder sonstigen Zusammenkunft. BEWEGTE UNTERBRECHUNG. Ganz egal ob vor oder nach dem Essen oder einfach zwischendurch. Bewusste Bewegung mit Hirn bietet in jedem Fall eine gelungene Abwechslung und passt immer dann, wenn es darum geht mal \u201ekurz\u201c abzuschalten.TeilnehmerDurch unser [&hellip;]<\/p>\n","protected":false},"author":2,"featured_media":0,"parent":0,"menu_order":0,"comment_status":"closed","ping_status":"closed","template":"","meta":{"_et_pb_use_builder":"on","_et_pb_old_content":"","_et_gb_content_width":"","footnotes":""},"dipi_cpt_category":[],"class_list":["post-20205532","page","type-page","status-publish","hentry"],"yoast_head":"<!-- This site is optimized with the Yoast SEO plugin v27.4 - https:\/\/yoast.com\/product\/yoast-seo-wordpress\/ -->\n<title>BRAININGbreak - BRAINKINETIK&reg;<\/title>\n<meta name=\"description\" content=\"Kurz und knackig. Unsere bewegte Pause ist der ideale break im Rahmen einer Tagung, Besprechung oder sonstigen Zusammenkunft.\" \/>\n<meta name=\"robots\" content=\"index, follow, max-snippet:-1, max-image-preview:large, max-video-preview:-1\" \/>\n<link rel=\"canonical\" href=\"https:\/\/brainkinetik.online\/en\/brainingbreak\/\" \/>\n<meta property=\"og:locale\" content=\"en_US\" \/>\n<meta property=\"og:type\" content=\"article\" \/>\n<meta property=\"og:title\" content=\"BRAININGbreak - BRAINKINETIK&reg;\" \/>\n<meta property=\"og:description\" content=\"Kurz und knackig. Unsere bewegte Pause ist der ideale break im Rahmen einer Tagung, Besprechung oder sonstigen Zusammenkunft.\" \/>\n<meta property=\"og:url\" content=\"https:\/\/brainkinetik.online\/en\/brainingbreak\/\" \/>\n<meta property=\"og:site_name\" content=\"BRAINKINETIK&reg;\" \/>\n<meta property=\"article:publisher\" content=\"https:\/\/www.facebook.com\/profile.php?id=100085260804855\" \/>\n<meta property=\"article:modified_time\" content=\"2023-03-13T12:12:46+00:00\" \/>\n<meta name=\"twitter:card\" content=\"summary_large_image\" \/>\n<script type=\"application\/ld+json\" class=\"yoast-schema-graph\">{\"@context\":\"https:\\\/\\\/schema.org\",\"@graph\":[{\"@type\":\"WebPage\",\"@id\":\"https:\\\/\\\/brainkinetik.online\\\/brainingbreak\\\/\",\"url\":\"https:\\\/\\\/brainkinetik.online\\\/brainingbreak\\\/\",\"name\":\"BRAININGbreak - BRAINKINETIK&reg;\",\"isPartOf\":{\"@id\":\"https:\\\/\\\/brainkinetik-xf570rxsj1.live-website.com\\\/#website\"},\"datePublished\":\"2023-03-08T09:18:26+00:00\",\"dateModified\":\"2023-03-13T12:12:46+00:00\",\"description\":\"Kurz und knackig. Unsere bewegte Pause ist der ideale break im Rahmen einer Tagung, Besprechung oder sonstigen Zusammenkunft.\",\"breadcrumb\":{\"@id\":\"https:\\\/\\\/brainkinetik.online\\\/brainingbreak\\\/#breadcrumb\"},\"inLanguage\":\"en-US\",\"potentialAction\":[{\"@type\":\"ReadAction\",\"target\":[\"https:\\\/\\\/brainkinetik.online\\\/brainingbreak\\\/\"]}]},{\"@type\":\"BreadcrumbList\",\"@id\":\"https:\\\/\\\/brainkinetik.online\\\/brainingbreak\\\/#breadcrumb\",\"itemListElement\":[{\"@type\":\"ListItem\",\"position\":1,\"name\":\"Startseite\",\"item\":\"https:\\\/\\\/brainkinetik.online\\\/\"},{\"@type\":\"ListItem\",\"position\":2,\"name\":\"BRAININGbreak\"}]},{\"@type\":\"WebSite\",\"@id\":\"https:\\\/\\\/brainkinetik-xf570rxsj1.live-website.com\\\/#website\",\"url\":\"https:\\\/\\\/brainkinetik-xf570rxsj1.live-website.com\\\/\",\"name\":\"BRAINKINETIK&reg;\",\"description\":\"Mach's einfach.\",\"publisher\":{\"@id\":\"https:\\\/\\\/brainkinetik-xf570rxsj1.live-website.com\\\/#organization\"},\"potentialAction\":[{\"@type\":\"SearchAction\",\"target\":{\"@type\":\"EntryPoint\",\"urlTemplate\":\"https:\\\/\\\/brainkinetik-xf570rxsj1.live-website.com\\\/?s={search_term_string}\"},\"query-input\":{\"@type\":\"PropertyValueSpecification\",\"valueRequired\":true,\"valueName\":\"search_term_string\"}}],\"inLanguage\":\"en-US\"},{\"@type\":\"Organization\",\"@id\":\"https:\\\/\\\/brainkinetik-xf570rxsj1.live-website.com\\\/#organization\",\"name\":\"BRAINKINETIK\u00ae - MACH'S EINFACH.\",\"alternateName\":\"BRAINKINETIK\u00ae\",\"url\":\"https:\\\/\\\/brainkinetik-xf570rxsj1.live-website.com\\\/\",\"logo\":{\"@type\":\"ImageObject\",\"inLanguage\":\"en-US\",\"@id\":\"https:\\\/\\\/brainkinetik-xf570rxsj1.live-website.com\\\/#\\\/schema\\\/logo\\\/image\\\/\",\"url\":\"https:\\\/\\\/brainkinetik.online\\\/wp-content\\\/uploads\\\/2022\\\/12\\\/BK_Logo_1222_Zeichenflaeche-1.png\",\"contentUrl\":\"https:\\\/\\\/brainkinetik.online\\\/wp-content\\\/uploads\\\/2022\\\/12\\\/BK_Logo_1222_Zeichenflaeche-1.png\",\"width\":1536,\"height\":591,\"caption\":\"BRAINKINETIK\u00ae - MACH'S EINFACH.\"},\"image\":{\"@id\":\"https:\\\/\\\/brainkinetik-xf570rxsj1.live-website.com\\\/#\\\/schema\\\/logo\\\/image\\\/\"},\"sameAs\":[\"https:\\\/\\\/www.facebook.com\\\/profile.php?id=100085260804855\",\"https:\\\/\\\/www.instagram.com\\\/brainkinetik\\\/\",\"https:\\\/\\\/www.youtube.com\\\/@brainkinetik9488\",\"https:\\\/\\\/www.linkedin.com\\\/company\\\/brainkinetik\\\/\"]}]}<\/script>\n<!-- \/ Yoast SEO plugin. -->","yoast_head_json":{"title":"BRAININGbreak - BRAINKINETIK&reg;","description":"Kurz und knackig. Unsere bewegte Pause ist der ideale break im Rahmen einer Tagung, Besprechung oder sonstigen Zusammenkunft.","robots":{"index":"index","follow":"follow","max-snippet":"max-snippet:-1","max-image-preview":"max-image-preview:large","max-video-preview":"max-video-preview:-1"},"canonical":"https:\/\/brainkinetik.online\/en\/brainingbreak\/","og_locale":"en_US","og_type":"article","og_title":"BRAININGbreak - BRAINKINETIK&reg;","og_description":"Kurz und knackig. Unsere bewegte Pause ist der ideale break im Rahmen einer Tagung, Besprechung oder sonstigen Zusammenkunft.","og_url":"https:\/\/brainkinetik.online\/en\/brainingbreak\/","og_site_name":"BRAINKINETIK&reg;","article_publisher":"https:\/\/www.facebook.com\/profile.php?id=100085260804855","article_modified_time":"2023-03-13T12:12:46+00:00","twitter_card":"summary_large_image","schema":{"@context":"https:\/\/schema.org","@graph":[{"@type":"WebPage","@id":"https:\/\/brainkinetik.online\/brainingbreak\/","url":"https:\/\/brainkinetik.online\/brainingbreak\/","name":"BRAININGbreak - BRAINKINETIK&reg;","isPartOf":{"@id":"https:\/\/brainkinetik-xf570rxsj1.live-website.com\/#website"},"datePublished":"2023-03-08T09:18:26+00:00","dateModified":"2023-03-13T12:12:46+00:00","description":"Kurz und knackig. Unsere bewegte Pause ist der ideale break im Rahmen einer Tagung, Besprechung oder sonstigen Zusammenkunft.","breadcrumb":{"@id":"https:\/\/brainkinetik.online\/brainingbreak\/#breadcrumb"},"inLanguage":"en-US","potentialAction":[{"@type":"ReadAction","target":["https:\/\/brainkinetik.online\/brainingbreak\/"]}]},{"@type":"BreadcrumbList","@id":"https:\/\/brainkinetik.online\/brainingbreak\/#breadcrumb","itemListElement":[{"@type":"ListItem","position":1,"name":"Startseite","item":"https:\/\/brainkinetik.online\/"},{"@type":"ListItem","position":2,"name":"BRAININGbreak"}]},{"@type":"WebSite","@id":"https:\/\/brainkinetik-xf570rxsj1.live-website.com\/#website","url":"https:\/\/brainkinetik-xf570rxsj1.live-website.com\/","name":"BRAINKINETIK&reg;","description":"Mach's einfach.","publisher":{"@id":"https:\/\/brainkinetik-xf570rxsj1.live-website.com\/#organization"},"potentialAction":[{"@type":"SearchAction","target":{"@type":"EntryPoint","urlTemplate":"https:\/\/brainkinetik-xf570rxsj1.live-website.com\/?s={search_term_string}"},"query-input":{"@type":"PropertyValueSpecification","valueRequired":true,"valueName":"search_term_string"}}],"inLanguage":"en-US"},{"@type":"Organization","@id":"https:\/\/brainkinetik-xf570rxsj1.live-website.com\/#organization","name":"BRAINKINETIK\u00ae - MACH'S EINFACH.","alternateName":"BRAINKINETIK\u00ae","url":"https:\/\/brainkinetik-xf570rxsj1.live-website.com\/","logo":{"@type":"ImageObject","inLanguage":"en-US","@id":"https:\/\/brainkinetik-xf570rxsj1.live-website.com\/#\/schema\/logo\/image\/","url":"https:\/\/brainkinetik.online\/wp-content\/uploads\/2022\/12\/BK_Logo_1222_Zeichenflaeche-1.png","contentUrl":"https:\/\/brainkinetik.online\/wp-content\/uploads\/2022\/12\/BK_Logo_1222_Zeichenflaeche-1.png","width":1536,"height":591,"caption":"BRAINKINETIK\u00ae - MACH'S EINFACH."},"image":{"@id":"https:\/\/brainkinetik-xf570rxsj1.live-website.com\/#\/schema\/logo\/image\/"},"sameAs":["https:\/\/www.facebook.com\/profile.php?id=100085260804855","https:\/\/www.instagram.com\/brainkinetik\/","https:\/\/www.youtube.com\/@brainkinetik9488","https:\/\/www.linkedin.com\/company\/brainkinetik\/"]}]}},"_links":{"self":[{"href":"https:\/\/brainkinetik.online\/en\/wp-json\/wp\/v2\/pages\/20205532","targetHints":{"allow":["GET"]}}],"collection":[{"href":"https:\/\/brainkinetik.online\/en\/wp-json\/wp\/v2\/pages"}],"about":[{"href":"https:\/\/brainkinetik.online\/en\/wp-json\/wp\/v2\/types\/page"}],"author":[{"embeddable":true,"href":"https:\/\/brainkinetik.online\/en\/wp-json\/wp\/v2\/users\/2"}],"replies":[{"embeddable":true,"href":"https:\/\/brainkinetik.online\/en\/wp-json\/wp\/v2\/comments?post=20205532"}],"version-history":[{"count":7,"href":"https:\/\/brainkinetik.online\/en\/wp-json\/wp\/v2\/pages\/20205532\/revisions"}],"predecessor-version":[{"id":20205913,"href":"https:\/\/brainkinetik.online\/en\/wp-json\/wp\/v2\/pages\/20205532\/revisions\/20205913"}],"wp:attachment":[{"href":"https:\/\/brainkinetik.online\/en\/wp-json\/wp\/v2\/media?parent=20205532"}],"wp:term":[{"taxonomy":"dipi_cpt_category","embeddable":true,"href":"https:\/\/brainkinetik.online\/en\/wp-json\/wp\/v2\/dipi_cpt_category?post=20205532"}],"curies":[{"name":"wp","href":"https:\/\/api.w.org\/{rel}","templated":true}]}}