{"id":20204537,"date":"2023-01-16T11:53:09","date_gmt":"2023-01-16T10:53:09","guid":{"rendered":"https:\/\/brainkinetik.online\/?page_id=20204537"},"modified":"2024-03-06T11:53:19","modified_gmt":"2024-03-06T10:53:19","slug":"einzigartigkeit","status":"publish","type":"page","link":"https:\/\/brainkinetik.online\/en\/einzigartigkeit\/","title":{"rendered":"UNIQUENESS"},"content":{"rendered":"<p>[et_pb_section fb_built=&#8221;1&#8243; admin_label=&#8221;Steps&#8221; module_class=&#8221;custom-element&#8221; _builder_version=&#8221;4.19.5&#8243; _module_preset=&#8221;default&#8221; background_color=&#8221;#E61873&#8243; background_image=&#8221;https:\/\/brainkinetik.online\/wp-content\/uploads\/2023\/01\/DSC8835-185-scaled.jpg&#8221; background_size=&#8221;custom&#8221; background_image_height=&#8221;130%&#8221; background_position=&#8221;top_right&#8221; background_horizontal_offset=&#8221;-31%&#8221; background_vertical_offset=&#8221;43%&#8221; background_enable_video_mp4=&#8221;off&#8221; background_enable_mask_style=&#8221;on&#8221; background_mask_style=&#8221;caret&#8221; background_mask_color=&#8221;#E61873&#8243; custom_padding=&#8221;||0px|||&#8221; background_last_edited=&#8221;on|phone&#8221; background_enable_image_tablet=&#8221;off&#8221; background_image_height_tablet=&#8221;65%&#8221; background_position_tablet=&#8221;bottom_right&#8221; background_horizontal_offset_tablet=&#8221;-37%&#8221; collapsed=&#8221;on&#8221; global_colors_info=&#8221;{}&#8221;][et_pb_row column_structure=&#8221;1_2,1_2&#8243; custom_padding_last_edited=&#8221;on|desktop&#8221; _builder_version=&#8221;4.19.5&#8243; _module_preset=&#8221;default&#8221; background_enable_color=&#8221;off&#8221; background_enable_video_mp4=&#8221;off&#8221; custom_padding=&#8221;||45px|||&#8221; custom_padding_tablet=&#8221;||0px||false|false&#8221; custom_padding_phone=&#8221;||0px||false|false&#8221; global_colors_info=&#8221;{}&#8221;][et_pb_column type=&#8221;1_2&#8243; _builder_version=&#8221;4.19.4&#8243; _module_preset=&#8221;default&#8221; custom_padding_tablet=&#8221;0px||0px||false|false&#8221; custom_padding_phone=&#8221;0px||0px||false|false&#8221; custom_padding_last_edited=&#8221;on|tablet&#8221; global_colors_info=&#8221;{}&#8221;][et_pb_text _builder_version=&#8221;4.19.5&#8243; _module_preset=&#8221;b327cbe4-b1d5-4b66-ad37-40c8f2f061ba&#8221; text_text_color=&#8221;#E61873&#8243; header_font=&#8221;Poppins|600|||||||&#8221; header_text_color=&#8221;#FFFFFF&#8221; header_font_size=&#8221;95px&#8221; header_2_text_color=&#8221;#E61873&#8243; header_2_font_size=&#8221;46px&#8221; min_height_tablet=&#8221;&#8221; min_height_phone=&#8221;&#8221; min_height_last_edited=&#8221;on|phone&#8221; custom_margin=&#8221;||4px|||&#8221; animation_style=&#8221;slide&#8221; animation_direction=&#8221;right&#8221; header_text_align_tablet=&#8221;&#8221; header_text_align_phone=&#8221;center&#8221; header_text_align_last_edited=&#8221;on|phone&#8221; header_font_size_tablet=&#8221;95px&#8221; header_font_size_phone=&#8221;33px&#8221; header_font_size_last_edited=&#8221;on|phone&#8221; global_colors_info=&#8221;{}&#8221;]<\/p>\n<h1>EINZIG<\/h1>\n<h1>ARTIGKEIT<\/h1>\n<p>[\/et_pb_text][et_pb_text _builder_version=&#8221;4.19.5&#8243; _module_preset=&#8221;default&#8221; header_2_text_color=&#8221;#FFFFFF&#8221; animation_style=&#8221;slide&#8221; animation_direction=&#8221;right&#8221; header_2_text_align_tablet=&#8221;&#8221; header_2_text_align_phone=&#8221;center&#8221; header_2_text_align_last_edited=&#8221;on|tablet&#8221; global_colors_info=&#8221;{}&#8221;]<\/p>\n<h2>\u00dcbung, Modell und Methode.<\/h2>\n<p>[\/et_pb_text][et_pb_text _builder_version=&#8221;4.19.5&#8243; _module_preset=&#8221;1f09816e-184e-4ce5-a4cf-b39c52c423ca&#8221; text_font=&#8221;Montserrat||||||||&#8221; text_text_color=&#8221;#FFFFFF&#8221; text_font_size=&#8221;17px&#8221; custom_margin_tablet=&#8221;|130px|||false|false&#8221; custom_margin_phone=&#8221;|0px|||false|false&#8221; custom_margin_last_edited=&#8221;on|phone&#8221; animation_style=&#8221;slide&#8221; animation_direction=&#8221;right&#8221; animation_delay=&#8221;50ms&#8221; header_font_size_tablet=&#8221;55px&#8221; header_font_size_last_edited=&#8221;off|desktop&#8221; text_orientation_tablet=&#8221;&#8221; text_orientation_phone=&#8221;center&#8221; text_orientation_last_edited=&#8221;on|phone&#8221; global_colors_info=&#8221;{}&#8221;]<\/p>\n<div title=\"Page 1\">\n<div>\n<div>\n<div>\n<p>BRAINKINETIK\u00ae ist eine einzigartige Kombination aus <i><strong>Gehirn<\/strong>-, <strong>Verhaltens<\/strong>&#8211; und <strong>Mentaltraining<\/strong><\/i><i>. <\/i><\/p>\n<\/div>\n<\/div>\n<\/div>\n<\/div>\n<p>[\/et_pb_text][\/et_pb_column][et_pb_column type=&#8221;1_2&#8243; _builder_version=&#8221;4.19.4&#8243; _module_preset=&#8221;default&#8221; global_colors_info=&#8221;{}&#8221;][et_pb_image src=&#8221;https:\/\/brainkinetik.online\/wp-content\/uploads\/2023\/01\/DSC8835-185-scaled.jpg&#8221; title_text=&#8221;- Kollektion&#8221; align_tablet=&#8221;center&#8221; align_phone=&#8221;center&#8221; align_last_edited=&#8221;on|tablet&#8221; disabled_on=&#8221;off|off|on&#8221; _builder_version=&#8221;4.19.5&#8243; _module_preset=&#8221;default&#8221; transform_scale_tablet=&#8221;116%|116%&#8221; transform_scale_phone=&#8221;116%|116%&#8221; transform_scale_last_edited=&#8221;on|tablet&#8221; transform_translate_tablet=&#8221;0px|20px&#8221; transform_translate_phone=&#8221;1px|19px&#8221; transform_translate_last_edited=&#8221;on|phone&#8221; transform_translate_linked_tablet=&#8221;off&#8221; transform_rotate_tablet=&#8221;&#8221; transform_rotate_phone=&#8221;&#8221; transform_rotate_last_edited=&#8221;on|desktop&#8221; transform_skew_tablet=&#8221;&#8221; transform_skew_phone=&#8221;&#8221; transform_skew_last_edited=&#8221;on|desktop&#8221; transform_origin_tablet=&#8221;&#8221; transform_origin_phone=&#8221;&#8221; transform_origin_last_edited=&#8221;on|desktop&#8221; transform_styles_last_edited=&#8221;on|phone&#8221; max_width=&#8221;63%&#8221; transform_styles_tablet=&#8221;&#8221; transform_styles_phone=&#8221;&#8221; box_shadow_style=&#8221;preset1&#8243; global_colors_info=&#8221;{}&#8221;][\/et_pb_image][\/et_pb_column][\/et_pb_row][\/et_pb_section][et_pb_section fb_built=&#8221;1&#8243; custom_padding_last_edited=&#8221;on|desktop&#8221; _builder_version=&#8221;4.19.4&#8243; background_color=&#8221;#FFFFFF&#8221; custom_padding=&#8221;60px||1px||false|false&#8221; custom_padding_tablet=&#8221;30px||30px||false|false&#8221; custom_padding_phone=&#8221;30px||30px||false|false&#8221; global_colors_info=&#8221;{}&#8221;][et_pb_row _builder_version=&#8221;4.19.4&#8243; _module_preset=&#8221;default&#8221; custom_padding=&#8221;||61px|||&#8221; global_colors_info=&#8221;{}&#8221;][et_pb_column type=&#8221;4_4&#8243; _builder_version=&#8221;4.19.4&#8243; _module_preset=&#8221;default&#8221; global_colors_info=&#8221;{}&#8221;][et_pb_text _builder_version=&#8221;4.19.5&#8243; _module_preset=&#8221;default&#8221; text_font=&#8221;Montserrat||||||||&#8221; text_font_size=&#8221;17px&#8221; header_2_text_color=&#8221;#E61873&#8243; animation_style=&#8221;fade&#8221; global_colors_info=&#8221;{}&#8221;]<\/p>\n<h2>DAS \u00d6 MACHT DEN UNTERSCHIED<\/h2>\n<p>Denn wir machen aus KENNEN K\u00d6NNEN und geben uns erst zufrieden, wenn Du Freude erf\u00e4hrst. Und die entsteht immer dann, wenn uns das was wir uns vornehmen auch gelingt.<\/p>\n<p>Das bedeutet konkret: F\u00fcr Deine Entwicklung ist es von entscheidender Bedeutung, dass Du Dir nichts vormachst und erkennst, dass nur durch MACHEN aus KENNEN K\u00d6NNEN wird. Denn nur Bewegung schafft Ver\u00e4nderung. Je merkw\u00fcrdiger, neuartiger und komplexer die Bewegung ist, desto besser.<\/p>\n<p>[\/et_pb_text][et_pb_image src=&#8221;https:\/\/brainkinetik.online\/wp-content\/uploads\/2023\/01\/kennen_koennen.png&#8221; title_text=&#8221;kennen_koennen&#8221; align=&#8221;center&#8221; _builder_version=&#8221;4.19.5&#8243; _module_preset=&#8221;default&#8221; animation_style=&#8221;fade&#8221; global_colors_info=&#8221;{}&#8221;][\/et_pb_image][et_pb_text _builder_version=&#8221;4.21.0&#8243; _module_preset=&#8221;default&#8221; text_font=&#8221;Montserrat||||||||&#8221; text_font_size=&#8221;17px&#8221; header_2_text_color=&#8221;#E61873&#8243; animation_style=&#8221;fade&#8221; global_colors_info=&#8221;{}&#8221;]<\/p>\n<p>Bei konsequenter Anwendung dieses Grundsatzes entsteht so nach und nach ein stabiles Fundament aus strapazierf\u00e4higen Verbindungen, auf dem sich \u201ebeliebig\u201c hoch bauen l\u00e4sst. Auch wenn es noch so banal klingt. Das was uns und schlie\u00dflich auch Dich einzigartig macht, ist das konsequente MACHEN und WEITERMACHEN. <\/p>\n<p>Wenn wir mit Anstrengung und Stress brainieren haben wir umso mehr Freude und Spa\u00df im Spiel. Oder kurz gesagt <strong>Trainingsstress = Spielspa\u00df<\/strong>.<\/p>\n<p>Also <strong>MACH\u2018S EINFACH<\/strong>.<\/p>\n<p>[\/et_pb_text][\/et_pb_column][\/et_pb_row][et_pb_row column_structure=&#8221;1_2,1_2&#8243; _builder_version=&#8221;4.19.4&#8243; _module_preset=&#8221;default&#8221; global_colors_info=&#8221;{}&#8221;][et_pb_column type=&#8221;1_2&#8243; _builder_version=&#8221;4.19.4&#8243; _module_preset=&#8221;default&#8221; global_colors_info=&#8221;{}&#8221;][et_pb_text _builder_version=&#8221;4.19.5&#8243; _module_preset=&#8221;default&#8221; text_font=&#8221;Montserrat||||||||&#8221; text_font_size=&#8221;17px&#8221; header_2_text_color=&#8221;#E61873&#8243; animation_style=&#8221;fade&#8221; global_colors_info=&#8221;{}&#8221;]<\/p>\n<h2>DAS 3B-MODELL<\/h2>\n<p>Auf Grundlage unseres 3B-Modells schaffen wir durch merkw\u00fcrdige, mehrdimensionale und komplexe \u00dcbungen eine Verbindung und Balance zwischen Gehirn (BRAIN), K\u00f6rper (BODY) und emotionalem Verhalten (BEHAVIOR).<\/p>\n<p>Mit hunderten dieser sogenannten Fokus\u00fcbungen und tausenden von Variationen, ist es mit BRAINKINETIK\u00ae m\u00f6glich, das von Natur aus in uns angelegte Potenzial auf spielerische Art und Weise zu entfalten.<\/p>\n<p>[\/et_pb_text][\/et_pb_column][et_pb_column type=&#8221;1_2&#8243; _builder_version=&#8221;4.19.4&#8243; _module_preset=&#8221;default&#8221; global_colors_info=&#8221;{}&#8221;][et_pb_image src=&#8221;https:\/\/brainkinetik.online\/wp-content\/uploads\/2023\/01\/3bmodell.png&#8221; title_text=&#8221;3bmodell&#8221; show_in_lightbox=&#8221;on&#8221; align=&#8221;center&#8221; _builder_version=&#8221;4.19.4&#8243; _module_preset=&#8221;default&#8221; animation_style=&#8221;slide&#8221; animation_direction=&#8221;right&#8221; global_colors_info=&#8221;{}&#8221;][\/et_pb_image][\/et_pb_column][\/et_pb_row][\/et_pb_section]<\/p>\n","protected":false},"excerpt":{"rendered":"<p>EINZIG ARTIGKEIT\u00dcbung, Modell und Methode. BRAINKINETIK\u00ae ist eine einzigartige Kombination aus Gehirn-, Verhaltens- und Mentaltraining. DAS \u00d6 MACHT DEN UNTERSCHIED Denn wir machen aus KENNEN K\u00d6NNEN und geben uns erst zufrieden, wenn Du Freude erf\u00e4hrst. Und die entsteht immer dann, wenn uns das was wir uns vornehmen auch gelingt. Das bedeutet konkret: F\u00fcr Deine Entwicklung [&hellip;]<\/p>\n","protected":false},"author":2,"featured_media":0,"parent":0,"menu_order":0,"comment_status":"closed","ping_status":"closed","template":"","meta":{"_et_pb_use_builder":"on","_et_pb_old_content":"<!-- wp:divi\/placeholder \/-->","_et_gb_content_width":"","footnotes":""},"dipi_cpt_category":[],"class_list":["post-20204537","page","type-page","status-publish","hentry"],"yoast_head":"<!-- This site is optimized with the Yoast SEO plugin v27.3 - https:\/\/yoast.com\/product\/yoast-seo-wordpress\/ -->\n<title>EINZIGARTIGKEIT - BRAINKINETIK&reg;<\/title>\n<meta name=\"description\" content=\"\u00dcbung, Modell und Methode. BRAINKINETIK\u00ae ist eine einzigartige Kombination aus Gehirn-, Verhaltens- und Mentaltraining.\" \/>\n<meta name=\"robots\" content=\"index, follow, max-snippet:-1, max-image-preview:large, max-video-preview:-1\" \/>\n<link rel=\"canonical\" href=\"https:\/\/brainkinetik.online\/en\/einzigartigkeit\/\" \/>\n<meta property=\"og:locale\" content=\"en_US\" \/>\n<meta property=\"og:type\" content=\"article\" \/>\n<meta property=\"og:title\" content=\"EINZIGARTIGKEIT - BRAINKINETIK&reg;\" \/>\n<meta property=\"og:description\" content=\"\u00dcbung, Modell und Methode. BRAINKINETIK\u00ae ist eine einzigartige Kombination aus Gehirn-, Verhaltens- und Mentaltraining.\" \/>\n<meta property=\"og:url\" content=\"https:\/\/brainkinetik.online\/en\/einzigartigkeit\/\" \/>\n<meta property=\"og:site_name\" content=\"BRAINKINETIK&reg;\" \/>\n<meta property=\"article:publisher\" content=\"https:\/\/www.facebook.com\/profile.php?id=100085260804855\" \/>\n<meta property=\"article:modified_time\" content=\"2024-03-06T10:53:19+00:00\" \/>\n<meta name=\"twitter:card\" content=\"summary_large_image\" \/>\n<meta name=\"twitter:label1\" content=\"Est. reading time\" \/>\n\t<meta name=\"twitter:data1\" content=\"3 minutes\" \/>\n<script type=\"application\/ld+json\" class=\"yoast-schema-graph\">{\"@context\":\"https:\\\/\\\/schema.org\",\"@graph\":[{\"@type\":\"WebPage\",\"@id\":\"https:\\\/\\\/brainkinetik.online\\\/einzigartigkeit\\\/\",\"url\":\"https:\\\/\\\/brainkinetik.online\\\/einzigartigkeit\\\/\",\"name\":\"EINZIGARTIGKEIT - BRAINKINETIK&reg;\",\"isPartOf\":{\"@id\":\"https:\\\/\\\/brainkinetik-xf570rxsj1.live-website.com\\\/#website\"},\"datePublished\":\"2023-01-16T10:53:09+00:00\",\"dateModified\":\"2024-03-06T10:53:19+00:00\",\"description\":\"\u00dcbung, Modell und Methode. BRAINKINETIK\u00ae ist eine einzigartige Kombination aus Gehirn-, Verhaltens- und Mentaltraining.\",\"breadcrumb\":{\"@id\":\"https:\\\/\\\/brainkinetik.online\\\/einzigartigkeit\\\/#breadcrumb\"},\"inLanguage\":\"en-US\",\"potentialAction\":[{\"@type\":\"ReadAction\",\"target\":[\"https:\\\/\\\/brainkinetik.online\\\/einzigartigkeit\\\/\"]}]},{\"@type\":\"BreadcrumbList\",\"@id\":\"https:\\\/\\\/brainkinetik.online\\\/einzigartigkeit\\\/#breadcrumb\",\"itemListElement\":[{\"@type\":\"ListItem\",\"position\":1,\"name\":\"Startseite\",\"item\":\"https:\\\/\\\/brainkinetik.online\\\/\"},{\"@type\":\"ListItem\",\"position\":2,\"name\":\"EINZIGARTIGKEIT\"}]},{\"@type\":\"WebSite\",\"@id\":\"https:\\\/\\\/brainkinetik-xf570rxsj1.live-website.com\\\/#website\",\"url\":\"https:\\\/\\\/brainkinetik-xf570rxsj1.live-website.com\\\/\",\"name\":\"BRAINKINETIK&reg;\",\"description\":\"Mach's einfach.\",\"publisher\":{\"@id\":\"https:\\\/\\\/brainkinetik-xf570rxsj1.live-website.com\\\/#organization\"},\"potentialAction\":[{\"@type\":\"SearchAction\",\"target\":{\"@type\":\"EntryPoint\",\"urlTemplate\":\"https:\\\/\\\/brainkinetik-xf570rxsj1.live-website.com\\\/?s={search_term_string}\"},\"query-input\":{\"@type\":\"PropertyValueSpecification\",\"valueRequired\":true,\"valueName\":\"search_term_string\"}}],\"inLanguage\":\"en-US\"},{\"@type\":\"Organization\",\"@id\":\"https:\\\/\\\/brainkinetik-xf570rxsj1.live-website.com\\\/#organization\",\"name\":\"BRAINKINETIK\u00ae - MACH'S EINFACH.\",\"alternateName\":\"BRAINKINETIK\u00ae\",\"url\":\"https:\\\/\\\/brainkinetik-xf570rxsj1.live-website.com\\\/\",\"logo\":{\"@type\":\"ImageObject\",\"inLanguage\":\"en-US\",\"@id\":\"https:\\\/\\\/brainkinetik-xf570rxsj1.live-website.com\\\/#\\\/schema\\\/logo\\\/image\\\/\",\"url\":\"https:\\\/\\\/brainkinetik.online\\\/wp-content\\\/uploads\\\/2022\\\/12\\\/BK_Logo_1222_Zeichenflaeche-1.png\",\"contentUrl\":\"https:\\\/\\\/brainkinetik.online\\\/wp-content\\\/uploads\\\/2022\\\/12\\\/BK_Logo_1222_Zeichenflaeche-1.png\",\"width\":1536,\"height\":591,\"caption\":\"BRAINKINETIK\u00ae - MACH'S EINFACH.\"},\"image\":{\"@id\":\"https:\\\/\\\/brainkinetik-xf570rxsj1.live-website.com\\\/#\\\/schema\\\/logo\\\/image\\\/\"},\"sameAs\":[\"https:\\\/\\\/www.facebook.com\\\/profile.php?id=100085260804855\",\"https:\\\/\\\/www.instagram.com\\\/brainkinetik\\\/\",\"https:\\\/\\\/www.youtube.com\\\/@brainkinetik9488\",\"https:\\\/\\\/www.linkedin.com\\\/company\\\/brainkinetik\\\/\"]}]}<\/script>\n<!-- \/ Yoast SEO plugin. -->","yoast_head_json":{"title":"EINZIGARTIGKEIT - BRAINKINETIK&reg;","description":"\u00dcbung, Modell und Methode. BRAINKINETIK\u00ae ist eine einzigartige Kombination aus Gehirn-, Verhaltens- und Mentaltraining.","robots":{"index":"index","follow":"follow","max-snippet":"max-snippet:-1","max-image-preview":"max-image-preview:large","max-video-preview":"max-video-preview:-1"},"canonical":"https:\/\/brainkinetik.online\/en\/einzigartigkeit\/","og_locale":"en_US","og_type":"article","og_title":"EINZIGARTIGKEIT - BRAINKINETIK&reg;","og_description":"\u00dcbung, Modell und Methode. BRAINKINETIK\u00ae ist eine einzigartige Kombination aus Gehirn-, Verhaltens- und Mentaltraining.","og_url":"https:\/\/brainkinetik.online\/en\/einzigartigkeit\/","og_site_name":"BRAINKINETIK&reg;","article_publisher":"https:\/\/www.facebook.com\/profile.php?id=100085260804855","article_modified_time":"2024-03-06T10:53:19+00:00","twitter_card":"summary_large_image","twitter_misc":{"Est. reading time":"3 minutes"},"schema":{"@context":"https:\/\/schema.org","@graph":[{"@type":"WebPage","@id":"https:\/\/brainkinetik.online\/einzigartigkeit\/","url":"https:\/\/brainkinetik.online\/einzigartigkeit\/","name":"EINZIGARTIGKEIT - BRAINKINETIK&reg;","isPartOf":{"@id":"https:\/\/brainkinetik-xf570rxsj1.live-website.com\/#website"},"datePublished":"2023-01-16T10:53:09+00:00","dateModified":"2024-03-06T10:53:19+00:00","description":"\u00dcbung, Modell und Methode. BRAINKINETIK\u00ae ist eine einzigartige Kombination aus Gehirn-, Verhaltens- und Mentaltraining.","breadcrumb":{"@id":"https:\/\/brainkinetik.online\/einzigartigkeit\/#breadcrumb"},"inLanguage":"en-US","potentialAction":[{"@type":"ReadAction","target":["https:\/\/brainkinetik.online\/einzigartigkeit\/"]}]},{"@type":"BreadcrumbList","@id":"https:\/\/brainkinetik.online\/einzigartigkeit\/#breadcrumb","itemListElement":[{"@type":"ListItem","position":1,"name":"Startseite","item":"https:\/\/brainkinetik.online\/"},{"@type":"ListItem","position":2,"name":"EINZIGARTIGKEIT"}]},{"@type":"WebSite","@id":"https:\/\/brainkinetik-xf570rxsj1.live-website.com\/#website","url":"https:\/\/brainkinetik-xf570rxsj1.live-website.com\/","name":"BRAINKINETIK&reg;","description":"Mach's einfach.","publisher":{"@id":"https:\/\/brainkinetik-xf570rxsj1.live-website.com\/#organization"},"potentialAction":[{"@type":"SearchAction","target":{"@type":"EntryPoint","urlTemplate":"https:\/\/brainkinetik-xf570rxsj1.live-website.com\/?s={search_term_string}"},"query-input":{"@type":"PropertyValueSpecification","valueRequired":true,"valueName":"search_term_string"}}],"inLanguage":"en-US"},{"@type":"Organization","@id":"https:\/\/brainkinetik-xf570rxsj1.live-website.com\/#organization","name":"BRAINKINETIK\u00ae - MACH'S EINFACH.","alternateName":"BRAINKINETIK\u00ae","url":"https:\/\/brainkinetik-xf570rxsj1.live-website.com\/","logo":{"@type":"ImageObject","inLanguage":"en-US","@id":"https:\/\/brainkinetik-xf570rxsj1.live-website.com\/#\/schema\/logo\/image\/","url":"https:\/\/brainkinetik.online\/wp-content\/uploads\/2022\/12\/BK_Logo_1222_Zeichenflaeche-1.png","contentUrl":"https:\/\/brainkinetik.online\/wp-content\/uploads\/2022\/12\/BK_Logo_1222_Zeichenflaeche-1.png","width":1536,"height":591,"caption":"BRAINKINETIK\u00ae - MACH'S EINFACH."},"image":{"@id":"https:\/\/brainkinetik-xf570rxsj1.live-website.com\/#\/schema\/logo\/image\/"},"sameAs":["https:\/\/www.facebook.com\/profile.php?id=100085260804855","https:\/\/www.instagram.com\/brainkinetik\/","https:\/\/www.youtube.com\/@brainkinetik9488","https:\/\/www.linkedin.com\/company\/brainkinetik\/"]}]}},"_links":{"self":[{"href":"https:\/\/brainkinetik.online\/en\/wp-json\/wp\/v2\/pages\/20204537","targetHints":{"allow":["GET"]}}],"collection":[{"href":"https:\/\/brainkinetik.online\/en\/wp-json\/wp\/v2\/pages"}],"about":[{"href":"https:\/\/brainkinetik.online\/en\/wp-json\/wp\/v2\/types\/page"}],"author":[{"embeddable":true,"href":"https:\/\/brainkinetik.online\/en\/wp-json\/wp\/v2\/users\/2"}],"replies":[{"embeddable":true,"href":"https:\/\/brainkinetik.online\/en\/wp-json\/wp\/v2\/comments?post=20204537"}],"version-history":[{"count":27,"href":"https:\/\/brainkinetik.online\/en\/wp-json\/wp\/v2\/pages\/20204537\/revisions"}],"predecessor-version":[{"id":23479313,"href":"https:\/\/brainkinetik.online\/en\/wp-json\/wp\/v2\/pages\/20204537\/revisions\/23479313"}],"wp:attachment":[{"href":"https:\/\/brainkinetik.online\/en\/wp-json\/wp\/v2\/media?parent=20204537"}],"wp:term":[{"taxonomy":"dipi_cpt_category","embeddable":true,"href":"https:\/\/brainkinetik.online\/en\/wp-json\/wp\/v2\/dipi_cpt_category?post=20204537"}],"curies":[{"name":"wp","href":"https:\/\/api.w.org\/{rel}","templated":true}]}}