{"id":20204535,"date":"2023-01-16T11:52:57","date_gmt":"2023-01-16T10:52:57","guid":{"rendered":"https:\/\/brainkinetik.online\/?page_id=20204535"},"modified":"2023-01-31T16:25:10","modified_gmt":"2023-01-31T15:25:10","slug":"ueber-uns","status":"publish","type":"page","link":"https:\/\/brainkinetik.online\/en\/ueber-uns\/","title":{"rendered":"ABOUT US"},"content":{"rendered":"<p>[et_pb_section fb_built=&#8221;1&#8243; admin_label=&#8221;Steps&#8221; _builder_version=&#8221;4.19.5&#8243; _module_preset=&#8221;default&#8221; background_color=&#8221;#E61873&#8243; background_image=&#8221;https:\/\/brainkinetik.online\/wp-content\/uploads\/2023\/01\/Design-ohne-Titel5.png&#8221; background_size=&#8221;custom&#8221; background_image_height=&#8221;100%&#8221; background_position=&#8221;top_right&#8221; background_horizontal_offset=&#8221;0%&#8221; background_enable_video_mp4=&#8221;off&#8221; background_enable_mask_style=&#8221;on&#8221; background_mask_style=&#8221;caret&#8221; background_mask_color=&#8221;#E61873&#8243; custom_padding=&#8221;||0px|||&#8221; hover_enabled=&#8221;0&#8243; background_last_edited=&#8221;on|phone&#8221; background_enable_image_tablet=&#8221;off&#8221; background_image_height_tablet=&#8221;65%&#8221; background_position_tablet=&#8221;bottom_right&#8221; background_horizontal_offset_tablet=&#8221;-37%&#8221; collapsed=&#8221;on&#8221; global_colors_info=&#8221;{}&#8221; module_class=&#8221;custom-element&#8221; sticky_enabled=&#8221;0&#8243;][et_pb_row column_structure=&#8221;1_2,1_2&#8243; custom_padding_last_edited=&#8221;on|desktop&#8221; _builder_version=&#8221;4.19.4&#8243; _module_preset=&#8221;default&#8221; background_enable_color=&#8221;off&#8221; background_enable_video_mp4=&#8221;off&#8221; custom_padding=&#8221;||45px|||&#8221; custom_padding_tablet=&#8221;||0px||false|false&#8221; custom_padding_phone=&#8221;||0px||false|false&#8221; global_colors_info=&#8221;{}&#8221;][et_pb_column type=&#8221;1_2&#8243; _builder_version=&#8221;4.19.4&#8243; _module_preset=&#8221;default&#8221; custom_padding_tablet=&#8221;0px||0px||false|false&#8221; custom_padding_phone=&#8221;0px||0px||false|false&#8221; custom_padding_last_edited=&#8221;on|tablet&#8221; global_colors_info=&#8221;{}&#8221;][et_pb_text _builder_version=&#8221;4.19.5&#8243; _module_preset=&#8221;b327cbe4-b1d5-4b66-ad37-40c8f2f061ba&#8221; text_text_color=&#8221;#E61873&#8243; header_font=&#8221;Poppins|600|||||||&#8221; header_text_color=&#8221;#FFFFFF&#8221; header_font_size=&#8221;95px&#8221; header_2_text_color=&#8221;#E61873&#8243; header_2_font_size=&#8221;46px&#8221; min_height_tablet=&#8221;&#8221; min_height_phone=&#8221;&#8221; min_height_last_edited=&#8221;on|phone&#8221; custom_margin=&#8221;||4px|||&#8221; animation_style=&#8221;slide&#8221; animation_direction=&#8221;right&#8221; header_text_align_tablet=&#8221;&#8221; header_text_align_phone=&#8221;center&#8221; header_text_align_last_edited=&#8221;on|phone&#8221; header_font_size_tablet=&#8221;95px&#8221; header_font_size_phone=&#8221;53px&#8221; header_font_size_last_edited=&#8221;on|phone&#8221; global_colors_info=&#8221;{}&#8221;]<\/p>\n<h1>\u00dcBER<\/h1>\n<h1>UNS<\/h1>\n<p>[\/et_pb_text][et_pb_text _builder_version=&#8221;4.19.5&#8243; _module_preset=&#8221;default&#8221; header_2_text_color=&#8221;#FFFFFF&#8221; animation_style=&#8221;slide&#8221; animation_direction=&#8221;right&#8221; header_2_text_align_tablet=&#8221;&#8221; header_2_text_align_phone=&#8221;center&#8221; header_2_text_align_last_edited=&#8221;on|tablet&#8221; global_colors_info=&#8221;{}&#8221;]<\/p>\n<h2>Hinter den Kulissen.<\/h2>\n<p>[\/et_pb_text][et_pb_text _builder_version=&#8221;4.19.5&#8243; _module_preset=&#8221;1f09816e-184e-4ce5-a4cf-b39c52c423ca&#8221; text_font=&#8221;Montserrat||||||||&#8221; text_text_color=&#8221;#FFFFFF&#8221; text_font_size=&#8221;17px&#8221; custom_margin_tablet=&#8221;|130px|||false|false&#8221; custom_margin_phone=&#8221;|0px|||false|false&#8221; custom_margin_last_edited=&#8221;on|phone&#8221; animation_style=&#8221;slide&#8221; animation_direction=&#8221;right&#8221; animation_delay=&#8221;50ms&#8221; header_font_size_tablet=&#8221;55px&#8221; header_font_size_last_edited=&#8221;off|desktop&#8221; text_orientation_tablet=&#8221;&#8221; text_orientation_phone=&#8221;center&#8221; text_orientation_last_edited=&#8221;on|phone&#8221; global_colors_info=&#8221;{}&#8221;]<\/p>\n<div title=\"Page 1\">\n<div>\n<div>\n<div>\n<p>Erfahre mehr \u00fcber die Vision und das Team von BRAINKINETIK\u00ae.<\/p>\n<\/div>\n<\/div>\n<\/div>\n<\/div>\n<p>[\/et_pb_text][\/et_pb_column][et_pb_column type=&#8221;1_2&#8243; _builder_version=&#8221;4.19.4&#8243; _module_preset=&#8221;default&#8221; global_colors_info=&#8221;{}&#8221;][et_pb_image src=&#8221;https:\/\/brainkinetik.online\/wp-content\/uploads\/2023\/01\/Design-ohne-Titel5.png&#8221; title_text=&#8221;Design ohne Titel(5)&#8221; align_tablet=&#8221;center&#8221; align_phone=&#8221;center&#8221; align_last_edited=&#8221;on|tablet&#8221; disabled_on=&#8221;off|off|on&#8221; _builder_version=&#8221;4.19.5&#8243; _module_preset=&#8221;default&#8221; transform_scale_tablet=&#8221;116%|116%&#8221; transform_scale_phone=&#8221;116%|116%&#8221; transform_scale_last_edited=&#8221;on|tablet&#8221; transform_translate_tablet=&#8221;0px|20px&#8221; transform_translate_phone=&#8221;1px|19px&#8221; transform_translate_last_edited=&#8221;on|phone&#8221; transform_translate_linked_tablet=&#8221;off&#8221; transform_rotate_tablet=&#8221;&#8221; transform_rotate_phone=&#8221;&#8221; transform_rotate_last_edited=&#8221;on|desktop&#8221; transform_skew_tablet=&#8221;&#8221; transform_skew_phone=&#8221;&#8221; transform_skew_last_edited=&#8221;on|desktop&#8221; transform_origin_tablet=&#8221;&#8221; transform_origin_phone=&#8221;&#8221; transform_origin_last_edited=&#8221;on|desktop&#8221; transform_styles_last_edited=&#8221;on|phone&#8221; max_width=&#8221;63%&#8221; transform_styles_tablet=&#8221;&#8221; transform_styles_phone=&#8221;&#8221; box_shadow_style=&#8221;preset1&#8243; global_colors_info=&#8221;{}&#8221;][\/et_pb_image][\/et_pb_column][\/et_pb_row][\/et_pb_section][et_pb_section fb_built=&#8221;1&#8243; custom_padding_last_edited=&#8221;on|desktop&#8221; _builder_version=&#8221;4.19.4&#8243; background_color=&#8221;#FFFFFF&#8221; custom_padding=&#8221;60px||1px||false|false&#8221; custom_padding_tablet=&#8221;30px||30px||false|false&#8221; custom_padding_phone=&#8221;30px||30px||false|false&#8221; global_colors_info=&#8221;{}&#8221;][et_pb_row _builder_version=&#8221;4.16&#8243; global_colors_info=&#8221;{}&#8221;][et_pb_column type=&#8221;4_4&#8243; _builder_version=&#8221;4.16&#8243; global_colors_info=&#8221;{}&#8221;][et_pb_text _builder_version=&#8221;4.19.5&#8243; _module_preset=&#8221;default&#8221; text_font=&#8221;Montserrat||||||||&#8221; text_font_size=&#8221;17px&#8221; header_2_text_color=&#8221;#E61873&#8243; animation_style=&#8221;fade&#8221; global_colors_info=&#8221;{}&#8221;]<\/p>\n<h2>MACH&#8217;S EINFACH.<\/h2>\n<p>Viele Unternehmen investieren ihre Zeit und Energie in die Erstellung und Definition von schicken Leitbildern. Wir konzentrieren uns auf unsere Aufgabe und investieren unsere Energie ins MACHEN. Denn vom W\u00fcnschen alleine passiert nichts. Deshalb verfolgen wir mit unserer Methode den Ansatz, dass wir die \u00dcbungen nicht nur kennen sondern auch K\u00d6NNEN. Nur so entstehen stabile Nervenverbindungen die uns das Gef\u00fchl von Selbstbewusstsein und Selbstvertrauen geben. Auch wenn der Weg zum Ziel manchmal beschwerlich und vielleicht weniger spa\u00dfig ist, werden wir, wenn wir dranbleiben und es immer und immer wieder machen, zum Schluss mit Freude belohnt.<br \/>\n[\/et_pb_text][et_pb_blurb title=&#8221;BRAINKINETIK\u00ae ist f\u00fcr mich lebensnotwendig. Bewegung f\u00fcr Gehirn und K\u00f6rper geh\u00f6rt f\u00fcr mich wie essen, trinken und schlafen zu einem gesunden Leben dazu. Ob Du willst oder nicht. MACH&#8217;S EINFACH.&#8221; use_icon=&#8221;on&#8221; icon_color=&#8221;#E61873&#8243; image_icon_background_color=&#8221;RGBA(255,255,255,0)&#8221; icon_placement=&#8221;left&#8221; image_icon_width=&#8221;64px&#8221; content_max_width=&#8221;100%&#8221; _builder_version=&#8221;4.19.5&#8243; _module_preset=&#8221;ef4b7351-5567-4935-b7c7-fed3daeebfdb&#8221; header_level=&#8221;h3&#8243; header_font=&#8221;Poppins|700|||||||&#8221; header_text_color=&#8221;#E61873&#8243; header_font_size=&#8221;20px&#8221; header_line_height=&#8221;1.4em&#8221; body_font=&#8221;Montserrat||||||||&#8221; body_text_color=&#8221;#E61873&#8243; body_line_height=&#8221;1.4em&#8221; animation_style=&#8221;slide&#8221; animation_direction=&#8221;right&#8221; animation=&#8221;off&#8221; header_font_size_tablet=&#8221;&#8221; header_font_size_phone=&#8221;16px&#8221; header_font_size_last_edited=&#8221;on|phone&#8221; locked=&#8221;off&#8221; global_colors_info=&#8221;{}&#8221;]Oliver Rehbach<br \/>\n[\/et_pb_blurb][\/et_pb_column][\/et_pb_row][et_pb_row _builder_version=&#8221;4.19.4&#8243; _module_preset=&#8221;default&#8221; custom_padding=&#8221;0px||2px|||&#8221; global_colors_info=&#8221;{}&#8221;][et_pb_column type=&#8221;4_4&#8243; _builder_version=&#8221;4.19.4&#8243; _module_preset=&#8221;default&#8221; global_colors_info=&#8221;{}&#8221;][et_pb_text _builder_version=&#8221;4.19.5&#8243; _module_preset=&#8221;default&#8221; text_font=&#8221;Montserrat||||||||&#8221; text_font_size=&#8221;17px&#8221; header_2_text_color=&#8221;#E61873&#8243; animation_style=&#8221;fade&#8221; global_colors_info=&#8221;{}&#8221;]&#8230;deshalb habe ich mich 2022 entschieden die Marke BRAINKINETIK\u00ae zu \u00fcbernehmen, um das Werk von Josef Mohr fortzuf\u00fchren. Denn als langj\u00e4hriger Trainer, Referent und Ausbilder ist es mir ein Anliegen Menschen eine spielerische M\u00f6glichkeit zu bieten, um mit sich und anderen Menschen in Verbindung zu kommen und seine Ziele zu erreichen. Ich bin stolz gemeinsam als Team unserer Vision und Aufgabe nachzukommen.<br \/>\n[\/et_pb_text][\/et_pb_column][\/et_pb_row][et_pb_row _builder_version=&#8221;4.19.4&#8243; _module_preset=&#8221;default&#8221; global_colors_info=&#8221;{}&#8221;][et_pb_column type=&#8221;4_4&#8243; _builder_version=&#8221;4.19.4&#8243; _module_preset=&#8221;default&#8221; global_colors_info=&#8221;{}&#8221;][et_pb_text _builder_version=&#8221;4.19.5&#8243; _module_preset=&#8221;default&#8221; text_font=&#8221;Montserrat||||||||&#8221; text_font_size=&#8221;17px&#8221; header_2_text_color=&#8221;#E61873&#8243; animation_style=&#8221;fade&#8221; global_colors_info=&#8221;{}&#8221;]Erfahre mehr \u00fcber die Vision und das Team von BRAINKINETIK\u00ae, indem Du einfach auf das jeweilige Bild klickst.<br \/>\n[\/et_pb_text][\/et_pb_column][\/et_pb_row][\/et_pb_section][et_pb_section fb_built=&#8221;1&#8243; custom_padding_last_edited=&#8221;on|tablet&#8221; _builder_version=&#8221;4.19.4&#8243; background_color=&#8221;#FFFFFF&#8221; custom_padding=&#8221;0px||120px|||&#8221; custom_padding_tablet=&#8221;80px||80px||false|false&#8221; custom_padding_phone=&#8221;60px||60px||false|false&#8221; global_colors_info=&#8221;{}&#8221;][et_pb_row column_structure=&#8221;1_2,1_2&#8243; _builder_version=&#8221;4.19.4&#8243; background_enable_color=&#8221;off&#8221; width_tablet=&#8221;90%&#8221; width_phone=&#8221;&#8221; width_last_edited=&#8221;on|phone&#8221; max_width=&#8221;1400px&#8221; module_alignment=&#8221;center&#8221; custom_padding=&#8221;||||false|false&#8221; global_colors_info=&#8221;{}&#8221;][et_pb_column type=&#8221;1_2&#8243; _builder_version=&#8221;4.19.4&#8243; _dynamic_attributes=&#8221;link_option_url&#8221; background_image=&#8221;https:\/\/brainkinetik.online\/wp-content\/uploads\/2023\/01\/VISION.png&#8221; link_option_url=&#8221;@ET-DC@eyJkeW5hbWljIjp0cnVlLCJjb250ZW50IjoicG9zdF9saW5rX3VybF9wYWdlIiwic2V0dGluZ3MiOnsicG9zdF9pZCI6IjIwMjA0MDUyIn19@&#8221; background_last_edited=&#8221;on|desktop&#8221; global_colors_info=&#8221;{}&#8221;][dipi_hover_box content_hover_title=&#8221;VISION&#8221; use_content_hover_icon=&#8221;on&#8221; content_hover_icon=&#8221;&#xf03e;||fa||400&#8243; content_hover_icon_color=&#8221;#E61873&#8243; content_hover_content=&#8221;<\/p>\n<p>Ganz einfach.<\/p>\n<p>&#8221; hover_box_align_back=&#8221;bottom&#8221; content_hover_bg_use_color_gradient=&#8221;on&#8221; content_hover_bg_color_gradient_direction=&#8221;360deg&#8221; content_hover_bg_color_gradient_stops=&#8221;#0a0000 0%|rgba(21,2,42,0) 100%&#8221; content_hover_bg_color_gradient_start=&#8221;#0a0000&#8243; content_hover_bg_color_gradient_end=&#8221;rgba(21,2,42,0)&#8221; _builder_version=&#8221;4.19.4&#8243; _dynamic_attributes=&#8221;link_option_url,content_hover_button_link&#8221; content_hover_title_font=&#8221;Poppins|700|||||||&#8221; content_hover_title_text_color=&#8221;#ffffff&#8221; content_hover_title_font_size=&#8221;22px&#8221; content_hover_desc_font=&#8221;Poppins||||||||&#8221; content_hover_desc_text_color=&#8221;rgba(255,255,255,0.6)&#8221; content_hover_desc_font_size=&#8221;14px&#8221; content_hover_desc_letter_spacing=&#8221;1px&#8221; content_hover_desc_line_height=&#8221;1.4em&#8221; custom_content_hover_button=&#8221;on&#8221; content_hover_button_text_size=&#8221;14px&#8221; content_hover_button_text_color=&#8221;#FFFFFF&#8221; content_hover_button_bg_color=&#8221;#E61873&#8243; content_hover_button_border_width=&#8221;0px&#8221; content_hover_button_border_color=&#8221;#ffffff&#8221; content_hover_button_icon=&#8221;&#x35;||divi||400&#8243; content_hover_button_custom_padding=&#8221;15px|20px|15px|20px|false|false&#8221; link_option_url=&#8221;@ET-DC@eyJkeW5hbWljIjp0cnVlLCJjb250ZW50IjoicG9zdF9saW5rX3VybF9wYWdlIiwic2V0dGluZ3MiOnsicG9zdF9pZCI6IjIwMjA0MDUyIn19@&#8221; border_color_all=&#8221;RGBA(255,255,255,0)&#8221; box_shadow_style=&#8221;preset3&#8243; box_shadow_blur=&#8221;47px&#8221; global_colors_info=&#8221;{}&#8221; content_hover_button_border_color__hover_enabled=&#8221;on|desktop&#8221; content_hover_button_border_color__hover=&#8221;#ffffff&#8221; content_hover_button_border_width__hover_enabled=&#8221;off|desktop&#8221; overlay_bg_color_gradient_type_tablet=&#8221;linear&#8221; overlay_bg_color_gradient_type_phone=&#8221;linear&#8221; overlay_bg_color_gradient_type__hover=&#8221;linear&#8221; image_bg_color_gradient_type__hover=&#8221;linear&#8221;][\/dipi_hover_box][\/et_pb_column][et_pb_column type=&#8221;1_2&#8243; _builder_version=&#8221;4.19.4&#8243; _dynamic_attributes=&#8221;link_option_url&#8221; background_image=&#8221;https:\/\/brainkinetik.online\/wp-content\/uploads\/2023\/01\/TEAM.png&#8221; link_option_url=&#8221;@ET-DC@eyJkeW5hbWljIjp0cnVlLCJjb250ZW50IjoicG9zdF9saW5rX3VybF9wYWdlIiwic2V0dGluZ3MiOnsicG9zdF9pZCI6IjIwMjA0MDQzIn19@&#8221; border_color_all=&#8221;RGBA(255,255,255,0)&#8221; global_colors_info=&#8221;{}&#8221;][dipi_hover_box content_hover_title=&#8221;TEAM&#8221; use_content_hover_icon=&#8221;on&#8221; content_hover_icon=&#8221;&#xf0c0;||fa||900&#8243; content_hover_icon_color=&#8221;#E61873&#8243; content_hover_content=&#8221;<\/p>\n<p>Leidenschaft pur.<\/p>\n<p>&#8221; hover_box_align_back=&#8221;bottom&#8221; content_hover_bg_use_color_gradient=&#8221;on&#8221; content_hover_bg_color_gradient_direction=&#8221;360deg&#8221; content_hover_bg_color_gradient_stops=&#8221;#0a0000 0%|rgba(21,2,42,0) 100%&#8221; content_hover_bg_color_gradient_start=&#8221;#0a0000&#8243; content_hover_bg_color_gradient_end=&#8221;rgba(21,2,42,0)&#8221; _builder_version=&#8221;4.19.4&#8243; _dynamic_attributes=&#8221;link_option_url&#8221; content_hover_title_font=&#8221;Poppins|700|||||||&#8221; content_hover_title_text_color=&#8221;#ffffff&#8221; content_hover_title_font_size=&#8221;22px&#8221; content_hover_desc_font=&#8221;Poppins||||||||&#8221; content_hover_desc_text_color=&#8221;rgba(255,255,255,0.6)&#8221; content_hover_desc_font_size=&#8221;14px&#8221; content_hover_desc_letter_spacing=&#8221;1px&#8221; content_hover_desc_line_height=&#8221;1.4em&#8221; custom_content_hover_button=&#8221;on&#8221; content_hover_button_text_size=&#8221;14px&#8221; content_hover_button_text_color=&#8221;#FFFFFF&#8221; content_hover_button_bg_color=&#8221;#E61873&#8243; content_hover_button_border_width=&#8221;0px&#8221; content_hover_button_border_color=&#8221;#ffffff&#8221; content_hover_button_icon=&#8221;&#x35;||divi||400&#8243; content_hover_button_custom_padding=&#8221;15px|20px|15px|20px|false|false&#8221; link_option_url=&#8221;@ET-DC@eyJkeW5hbWljIjp0cnVlLCJjb250ZW50IjoicG9zdF9saW5rX3VybF9wYWdlIiwic2V0dGluZ3MiOnsicG9zdF9pZCI6IjIwMjA0MDQzIn19@&#8221; box_shadow_style=&#8221;preset3&#8243; box_shadow_blur=&#8221;47px&#8221; global_colors_info=&#8221;{}&#8221; content_hover_button_border_color__hover_enabled=&#8221;on|desktop&#8221; content_hover_button_border_color__hover=&#8221;#ffffff&#8221; content_hover_button_border_width__hover_enabled=&#8221;off|desktop&#8221; overlay_bg_color_gradient_type_tablet=&#8221;linear&#8221; overlay_bg_color_gradient_type_phone=&#8221;linear&#8221; overlay_bg_color_gradient_type__hover=&#8221;linear&#8221; image_bg_color_gradient_type__hover=&#8221;linear&#8221;][\/dipi_hover_box][\/et_pb_column][\/et_pb_row][\/et_pb_section]<\/p>\n","protected":false},"excerpt":{"rendered":"<p>\u00dcBER UNS Hinter den Kulissen. Erfahre mehr \u00fcber die Vision und das Team von BRAINKINETIK\u00ae. MACH&#8217;S EINFACH. Viele Unternehmen investieren ihre Zeit und Energie in die Erstellung und Definition von schicken Leitbildern. Wir konzentrieren uns auf unsere Aufgabe und investieren unsere Energie ins MACHEN. Denn vom W\u00fcnschen alleine passiert nichts. Deshalb verfolgen wir mit unserer [&hellip;]<\/p>\n","protected":false},"author":2,"featured_media":0,"parent":0,"menu_order":0,"comment_status":"closed","ping_status":"closed","template":"","meta":{"_et_pb_use_builder":"on","_et_pb_old_content":"<!-- wp:divi\/placeholder \/-->","_et_gb_content_width":"","footnotes":""},"dipi_cpt_category":[],"class_list":["post-20204535","page","type-page","status-publish","hentry"],"yoast_head":"<!-- This site is optimized with the Yoast SEO plugin v27.3 - https:\/\/yoast.com\/product\/yoast-seo-wordpress\/ -->\n<title>\u00dcBER UNS - BRAINKINETIK&reg;<\/title>\n<meta name=\"description\" content=\"Hinter den Kulissen. Erfahre mehr \u00fcber die Vision und das Team von BRAINKINETIK\u00ae. Wir investieren unsere Energie ins MACHEN.\" \/>\n<meta name=\"robots\" content=\"index, follow, max-snippet:-1, max-image-preview:large, max-video-preview:-1\" \/>\n<link rel=\"canonical\" href=\"https:\/\/brainkinetik.online\/en\/ueber-uns\/\" \/>\n<meta property=\"og:locale\" content=\"en_US\" \/>\n<meta property=\"og:type\" content=\"article\" \/>\n<meta property=\"og:title\" content=\"\u00dcBER UNS - BRAINKINETIK&reg;\" \/>\n<meta property=\"og:description\" content=\"Hinter den Kulissen. Erfahre mehr \u00fcber die Vision und das Team von BRAINKINETIK\u00ae. Wir investieren unsere Energie ins MACHEN.\" \/>\n<meta property=\"og:url\" content=\"https:\/\/brainkinetik.online\/en\/ueber-uns\/\" \/>\n<meta property=\"og:site_name\" content=\"BRAINKINETIK&reg;\" \/>\n<meta property=\"article:publisher\" content=\"https:\/\/www.facebook.com\/profile.php?id=100085260804855\" \/>\n<meta property=\"article:modified_time\" content=\"2023-01-31T15:25:10+00:00\" \/>\n<meta name=\"twitter:card\" content=\"summary_large_image\" \/>\n<meta name=\"twitter:label1\" content=\"Est. reading time\" \/>\n\t<meta name=\"twitter:data1\" content=\"4 minutes\" \/>\n<script type=\"application\/ld+json\" class=\"yoast-schema-graph\">{\"@context\":\"https:\\\/\\\/schema.org\",\"@graph\":[{\"@type\":\"WebPage\",\"@id\":\"https:\\\/\\\/brainkinetik.online\\\/ueber-uns\\\/\",\"url\":\"https:\\\/\\\/brainkinetik.online\\\/ueber-uns\\\/\",\"name\":\"\u00dcBER UNS - BRAINKINETIK&reg;\",\"isPartOf\":{\"@id\":\"https:\\\/\\\/brainkinetik-xf570rxsj1.live-website.com\\\/#website\"},\"datePublished\":\"2023-01-16T10:52:57+00:00\",\"dateModified\":\"2023-01-31T15:25:10+00:00\",\"description\":\"Hinter den Kulissen. Erfahre mehr \u00fcber die Vision und das Team von BRAINKINETIK\u00ae. Wir investieren unsere Energie ins MACHEN.\",\"breadcrumb\":{\"@id\":\"https:\\\/\\\/brainkinetik.online\\\/ueber-uns\\\/#breadcrumb\"},\"inLanguage\":\"en-US\",\"potentialAction\":[{\"@type\":\"ReadAction\",\"target\":[\"https:\\\/\\\/brainkinetik.online\\\/ueber-uns\\\/\"]}]},{\"@type\":\"BreadcrumbList\",\"@id\":\"https:\\\/\\\/brainkinetik.online\\\/ueber-uns\\\/#breadcrumb\",\"itemListElement\":[{\"@type\":\"ListItem\",\"position\":1,\"name\":\"Startseite\",\"item\":\"https:\\\/\\\/brainkinetik.online\\\/\"},{\"@type\":\"ListItem\",\"position\":2,\"name\":\"\u00dcBER UNS\"}]},{\"@type\":\"WebSite\",\"@id\":\"https:\\\/\\\/brainkinetik-xf570rxsj1.live-website.com\\\/#website\",\"url\":\"https:\\\/\\\/brainkinetik-xf570rxsj1.live-website.com\\\/\",\"name\":\"BRAINKINETIK&reg;\",\"description\":\"Mach's einfach.\",\"publisher\":{\"@id\":\"https:\\\/\\\/brainkinetik-xf570rxsj1.live-website.com\\\/#organization\"},\"potentialAction\":[{\"@type\":\"SearchAction\",\"target\":{\"@type\":\"EntryPoint\",\"urlTemplate\":\"https:\\\/\\\/brainkinetik-xf570rxsj1.live-website.com\\\/?s={search_term_string}\"},\"query-input\":{\"@type\":\"PropertyValueSpecification\",\"valueRequired\":true,\"valueName\":\"search_term_string\"}}],\"inLanguage\":\"en-US\"},{\"@type\":\"Organization\",\"@id\":\"https:\\\/\\\/brainkinetik-xf570rxsj1.live-website.com\\\/#organization\",\"name\":\"BRAINKINETIK\u00ae - MACH'S EINFACH.\",\"alternateName\":\"BRAINKINETIK\u00ae\",\"url\":\"https:\\\/\\\/brainkinetik-xf570rxsj1.live-website.com\\\/\",\"logo\":{\"@type\":\"ImageObject\",\"inLanguage\":\"en-US\",\"@id\":\"https:\\\/\\\/brainkinetik-xf570rxsj1.live-website.com\\\/#\\\/schema\\\/logo\\\/image\\\/\",\"url\":\"https:\\\/\\\/brainkinetik.online\\\/wp-content\\\/uploads\\\/2022\\\/12\\\/BK_Logo_1222_Zeichenflaeche-1.png\",\"contentUrl\":\"https:\\\/\\\/brainkinetik.online\\\/wp-content\\\/uploads\\\/2022\\\/12\\\/BK_Logo_1222_Zeichenflaeche-1.png\",\"width\":1536,\"height\":591,\"caption\":\"BRAINKINETIK\u00ae - MACH'S EINFACH.\"},\"image\":{\"@id\":\"https:\\\/\\\/brainkinetik-xf570rxsj1.live-website.com\\\/#\\\/schema\\\/logo\\\/image\\\/\"},\"sameAs\":[\"https:\\\/\\\/www.facebook.com\\\/profile.php?id=100085260804855\",\"https:\\\/\\\/www.instagram.com\\\/brainkinetik\\\/\",\"https:\\\/\\\/www.youtube.com\\\/@brainkinetik9488\",\"https:\\\/\\\/www.linkedin.com\\\/company\\\/brainkinetik\\\/\"]}]}<\/script>\n<!-- \/ Yoast SEO plugin. -->","yoast_head_json":{"title":"\u00dcBER UNS - BRAINKINETIK&reg;","description":"Hinter den Kulissen. Erfahre mehr \u00fcber die Vision und das Team von BRAINKINETIK\u00ae. Wir investieren unsere Energie ins MACHEN.","robots":{"index":"index","follow":"follow","max-snippet":"max-snippet:-1","max-image-preview":"max-image-preview:large","max-video-preview":"max-video-preview:-1"},"canonical":"https:\/\/brainkinetik.online\/en\/ueber-uns\/","og_locale":"en_US","og_type":"article","og_title":"\u00dcBER UNS - BRAINKINETIK&reg;","og_description":"Hinter den Kulissen. Erfahre mehr \u00fcber die Vision und das Team von BRAINKINETIK\u00ae. Wir investieren unsere Energie ins MACHEN.","og_url":"https:\/\/brainkinetik.online\/en\/ueber-uns\/","og_site_name":"BRAINKINETIK&reg;","article_publisher":"https:\/\/www.facebook.com\/profile.php?id=100085260804855","article_modified_time":"2023-01-31T15:25:10+00:00","twitter_card":"summary_large_image","twitter_misc":{"Est. reading time":"4 minutes"},"schema":{"@context":"https:\/\/schema.org","@graph":[{"@type":"WebPage","@id":"https:\/\/brainkinetik.online\/ueber-uns\/","url":"https:\/\/brainkinetik.online\/ueber-uns\/","name":"\u00dcBER UNS - BRAINKINETIK&reg;","isPartOf":{"@id":"https:\/\/brainkinetik-xf570rxsj1.live-website.com\/#website"},"datePublished":"2023-01-16T10:52:57+00:00","dateModified":"2023-01-31T15:25:10+00:00","description":"Hinter den Kulissen. Erfahre mehr \u00fcber die Vision und das Team von BRAINKINETIK\u00ae. Wir investieren unsere Energie ins MACHEN.","breadcrumb":{"@id":"https:\/\/brainkinetik.online\/ueber-uns\/#breadcrumb"},"inLanguage":"en-US","potentialAction":[{"@type":"ReadAction","target":["https:\/\/brainkinetik.online\/ueber-uns\/"]}]},{"@type":"BreadcrumbList","@id":"https:\/\/brainkinetik.online\/ueber-uns\/#breadcrumb","itemListElement":[{"@type":"ListItem","position":1,"name":"Startseite","item":"https:\/\/brainkinetik.online\/"},{"@type":"ListItem","position":2,"name":"\u00dcBER UNS"}]},{"@type":"WebSite","@id":"https:\/\/brainkinetik-xf570rxsj1.live-website.com\/#website","url":"https:\/\/brainkinetik-xf570rxsj1.live-website.com\/","name":"BRAINKINETIK&reg;","description":"Mach's einfach.","publisher":{"@id":"https:\/\/brainkinetik-xf570rxsj1.live-website.com\/#organization"},"potentialAction":[{"@type":"SearchAction","target":{"@type":"EntryPoint","urlTemplate":"https:\/\/brainkinetik-xf570rxsj1.live-website.com\/?s={search_term_string}"},"query-input":{"@type":"PropertyValueSpecification","valueRequired":true,"valueName":"search_term_string"}}],"inLanguage":"en-US"},{"@type":"Organization","@id":"https:\/\/brainkinetik-xf570rxsj1.live-website.com\/#organization","name":"BRAINKINETIK\u00ae - MACH'S EINFACH.","alternateName":"BRAINKINETIK\u00ae","url":"https:\/\/brainkinetik-xf570rxsj1.live-website.com\/","logo":{"@type":"ImageObject","inLanguage":"en-US","@id":"https:\/\/brainkinetik-xf570rxsj1.live-website.com\/#\/schema\/logo\/image\/","url":"https:\/\/brainkinetik.online\/wp-content\/uploads\/2022\/12\/BK_Logo_1222_Zeichenflaeche-1.png","contentUrl":"https:\/\/brainkinetik.online\/wp-content\/uploads\/2022\/12\/BK_Logo_1222_Zeichenflaeche-1.png","width":1536,"height":591,"caption":"BRAINKINETIK\u00ae - MACH'S EINFACH."},"image":{"@id":"https:\/\/brainkinetik-xf570rxsj1.live-website.com\/#\/schema\/logo\/image\/"},"sameAs":["https:\/\/www.facebook.com\/profile.php?id=100085260804855","https:\/\/www.instagram.com\/brainkinetik\/","https:\/\/www.youtube.com\/@brainkinetik9488","https:\/\/www.linkedin.com\/company\/brainkinetik\/"]}]}},"_links":{"self":[{"href":"https:\/\/brainkinetik.online\/en\/wp-json\/wp\/v2\/pages\/20204535","targetHints":{"allow":["GET"]}}],"collection":[{"href":"https:\/\/brainkinetik.online\/en\/wp-json\/wp\/v2\/pages"}],"about":[{"href":"https:\/\/brainkinetik.online\/en\/wp-json\/wp\/v2\/types\/page"}],"author":[{"embeddable":true,"href":"https:\/\/brainkinetik.online\/en\/wp-json\/wp\/v2\/users\/2"}],"replies":[{"embeddable":true,"href":"https:\/\/brainkinetik.online\/en\/wp-json\/wp\/v2\/comments?post=20204535"}],"version-history":[{"count":26,"href":"https:\/\/brainkinetik.online\/en\/wp-json\/wp\/v2\/pages\/20204535\/revisions"}],"predecessor-version":[{"id":20205361,"href":"https:\/\/brainkinetik.online\/en\/wp-json\/wp\/v2\/pages\/20204535\/revisions\/20205361"}],"wp:attachment":[{"href":"https:\/\/brainkinetik.online\/en\/wp-json\/wp\/v2\/media?parent=20204535"}],"wp:term":[{"taxonomy":"dipi_cpt_category","embeddable":true,"href":"https:\/\/brainkinetik.online\/en\/wp-json\/wp\/v2\/dipi_cpt_category?post=20204535"}],"curies":[{"name":"wp","href":"https:\/\/api.w.org\/{rel}","templated":true}]}}