{"id":20204052,"date":"2023-01-03T12:35:02","date_gmt":"2023-01-03T11:35:02","guid":{"rendered":"https:\/\/brainkinetik.online\/?page_id=20204052"},"modified":"2023-01-31T16:25:44","modified_gmt":"2023-01-31T15:25:44","slug":"die-vision","status":"publish","type":"page","link":"https:\/\/brainkinetik.online\/en\/die-vision\/","title":{"rendered":"VISION"},"content":{"rendered":"<p>[et_pb_section fb_built=&#8221;1&#8243; admin_label=&#8221;Steps&#8221; _builder_version=&#8221;4.19.5&#8243; _module_preset=&#8221;default&#8221; background_color=&#8221;#E61873&#8243; background_image=&#8221;https:\/\/brainkinetik.online\/wp-content\/uploads\/2023\/01\/DSC8133-20-scaled.jpg&#8221; background_size=&#8221;custom&#8221; background_image_height=&#8221;100%&#8221; background_position=&#8221;top_right&#8221; background_horizontal_offset=&#8221;0%&#8221; background_enable_video_mp4=&#8221;off&#8221; background_enable_mask_style=&#8221;on&#8221; background_mask_style=&#8221;caret&#8221; background_mask_color=&#8221;#E61873&#8243; custom_padding=&#8221;||0px|||&#8221; hover_enabled=&#8221;0&#8243; background_last_edited=&#8221;on|phone&#8221; background_enable_image_tablet=&#8221;off&#8221; background_image_height_tablet=&#8221;65%&#8221; background_position_tablet=&#8221;bottom_right&#8221; background_horizontal_offset_tablet=&#8221;-37%&#8221; collapsed=&#8221;on&#8221; global_colors_info=&#8221;{}&#8221; module_class=&#8221;custom-element&#8221; sticky_enabled=&#8221;0&#8243;][et_pb_row column_structure=&#8221;1_2,1_2&#8243; custom_padding_last_edited=&#8221;on|desktop&#8221; _builder_version=&#8221;4.19.4&#8243; _module_preset=&#8221;default&#8221; background_enable_color=&#8221;off&#8221; background_enable_video_mp4=&#8221;off&#8221; custom_padding=&#8221;||45px|||&#8221; custom_padding_tablet=&#8221;||0px||false|false&#8221; custom_padding_phone=&#8221;||0px||false|false&#8221; global_colors_info=&#8221;{}&#8221;][et_pb_column type=&#8221;1_2&#8243; _builder_version=&#8221;4.19.4&#8243; _module_preset=&#8221;default&#8221; custom_padding_tablet=&#8221;0px||0px||false|false&#8221; custom_padding_phone=&#8221;0px||0px||false|false&#8221; custom_padding_last_edited=&#8221;on|tablet&#8221; global_colors_info=&#8221;{}&#8221;][et_pb_text _builder_version=&#8221;4.19.5&#8243; _module_preset=&#8221;b327cbe4-b1d5-4b66-ad37-40c8f2f061ba&#8221; text_text_color=&#8221;#E61873&#8243; header_font=&#8221;Poppins|600|||||||&#8221; header_text_color=&#8221;#FFFFFF&#8221; header_font_size=&#8221;95px&#8221; header_2_text_color=&#8221;#E61873&#8243; header_2_font_size=&#8221;46px&#8221; min_height_tablet=&#8221;&#8221; min_height_phone=&#8221;&#8221; min_height_last_edited=&#8221;on|phone&#8221; custom_margin=&#8221;||4px|||&#8221; animation_style=&#8221;slide&#8221; animation_direction=&#8221;right&#8221; header_text_align_tablet=&#8221;&#8221; header_text_align_phone=&#8221;center&#8221; header_text_align_last_edited=&#8221;on|phone&#8221; header_font_size_tablet=&#8221;95px&#8221; header_font_size_phone=&#8221;53px&#8221; header_font_size_last_edited=&#8221;on|phone&#8221; global_colors_info=&#8221;{}&#8221;]<\/p>\n<h1>DIE<\/h1>\n<h1>VISION<\/h1>\n<p>[\/et_pb_text][et_pb_text _builder_version=&#8221;4.19.5&#8243; _module_preset=&#8221;default&#8221; header_2_text_color=&#8221;#FFFFFF&#8221; animation_style=&#8221;slide&#8221; animation_direction=&#8221;right&#8221; header_2_text_align_tablet=&#8221;&#8221; header_2_text_align_phone=&#8221;center&#8221; header_2_text_align_last_edited=&#8221;on|tablet&#8221; global_colors_info=&#8221;{}&#8221;]<\/p>\n<h2>Ganz einfach.<\/h2>\n<p>[\/et_pb_text][et_pb_text _builder_version=&#8221;4.19.5&#8243; _module_preset=&#8221;1f09816e-184e-4ce5-a4cf-b39c52c423ca&#8221; text_font=&#8221;Montserrat||||||||&#8221; text_text_color=&#8221;#FFFFFF&#8221; text_font_size=&#8221;17px&#8221; custom_margin_tablet=&#8221;|130px|||false|false&#8221; custom_margin_phone=&#8221;|0px|||false|false&#8221; custom_margin_last_edited=&#8221;on|phone&#8221; animation_style=&#8221;slide&#8221; animation_direction=&#8221;right&#8221; animation_delay=&#8221;50ms&#8221; header_font_size_tablet=&#8221;55px&#8221; header_font_size_last_edited=&#8221;off|desktop&#8221; text_orientation_tablet=&#8221;&#8221; text_orientation_phone=&#8221;center&#8221; text_orientation_last_edited=&#8221;on|phone&#8221; global_colors_info=&#8221;{}&#8221;]<\/p>\n<div title=\"Page 1\">\n<div>\n<div>\n<div>\n<p>Es ist einfach. Jeder macht\u00b4s. Und es geh\u00f6rt zu einem gesunden und gl\u00fccklichen Leben einfach dazu.<\/p>\n<\/div>\n<\/div>\n<\/div>\n<\/div>\n<p>[\/et_pb_text][\/et_pb_column][et_pb_column type=&#8221;1_2&#8243; _builder_version=&#8221;4.19.4&#8243; _module_preset=&#8221;default&#8221; global_colors_info=&#8221;{}&#8221;][et_pb_image src=&#8221;https:\/\/brainkinetik.online\/wp-content\/uploads\/2023\/01\/DSC8133-20-scaled.jpg&#8221; title_text=&#8221;_DSC8133-20&#8243; align_tablet=&#8221;center&#8221; align_phone=&#8221;center&#8221; align_last_edited=&#8221;on|tablet&#8221; disabled_on=&#8221;off|off|on&#8221; _builder_version=&#8221;4.19.5&#8243; _module_preset=&#8221;default&#8221; transform_scale_tablet=&#8221;116%|116%&#8221; transform_scale_phone=&#8221;116%|116%&#8221; transform_scale_last_edited=&#8221;on|tablet&#8221; transform_translate_tablet=&#8221;0px|20px&#8221; transform_translate_phone=&#8221;1px|19px&#8221; transform_translate_last_edited=&#8221;on|phone&#8221; transform_translate_linked_tablet=&#8221;off&#8221; transform_rotate_tablet=&#8221;&#8221; transform_rotate_phone=&#8221;&#8221; transform_rotate_last_edited=&#8221;on|desktop&#8221; transform_skew_tablet=&#8221;&#8221; transform_skew_phone=&#8221;&#8221; transform_skew_last_edited=&#8221;on|desktop&#8221; transform_origin_tablet=&#8221;&#8221; transform_origin_phone=&#8221;&#8221; transform_origin_last_edited=&#8221;on|desktop&#8221; transform_styles_last_edited=&#8221;on|phone&#8221; max_width=&#8221;63%&#8221; transform_styles_tablet=&#8221;&#8221; transform_styles_phone=&#8221;&#8221; box_shadow_style=&#8221;preset1&#8243; global_colors_info=&#8221;{}&#8221;][\/et_pb_image][\/et_pb_column][\/et_pb_row][\/et_pb_section][et_pb_section fb_built=&#8221;1&#8243; custom_padding_last_edited=&#8221;on|desktop&#8221; _builder_version=&#8221;4.19.4&#8243; background_color=&#8221;#FFFFFF&#8221; custom_padding=&#8221;0px||60px||false|false&#8221; custom_padding_tablet=&#8221;30px||30px||false|false&#8221; custom_padding_phone=&#8221;30px||30px||false|false&#8221; global_colors_info=&#8221;{}&#8221;][et_pb_row _builder_version=&#8221;4.16&#8243; custom_padding=&#8221;45px||0px|||&#8221; global_colors_info=&#8221;{}&#8221;][et_pb_column type=&#8221;4_4&#8243; _builder_version=&#8221;4.16&#8243; global_colors_info=&#8221;{}&#8221;][et_pb_text _builder_version=&#8221;4.19.5&#8243; _module_preset=&#8221;default&#8221; text_font=&#8221;Montserrat||||||||&#8221; text_font_size=&#8221;17px&#8221; header_2_text_color=&#8221;#E61873&#8243; animation_style=&#8221;fade&#8221; global_colors_info=&#8221;{}&#8221;]<\/p>\n<h2>UNSERE VISION<\/h2>\n<p>[\/et_pb_text][et_pb_blurb title=&#8221;BRAINKINETIK ist wie Z\u00e4hneputzen. &#8221; use_icon=&#8221;on&#8221; font_icon=&#8221;&#x7c;||divi||400&#8243; icon_color=&#8221;#E61873&#8243; image_icon_background_color=&#8221;RGBA(255,255,255,0)&#8221; icon_placement=&#8221;left&#8221; image_icon_width=&#8221;64px&#8221; content_max_width=&#8221;100%&#8221; _builder_version=&#8221;4.19.4&#8243; _module_preset=&#8221;ef4b7351-5567-4935-b7c7-fed3daeebfdb&#8221; header_level=&#8221;h3&#8243; header_font=&#8221;Poppins|700|||||||&#8221; header_text_color=&#8221;#E61873&#8243; header_font_size=&#8221;20px&#8221; header_line_height=&#8221;1.6em&#8221; body_font=&#8221;Montserrat||||||||&#8221; body_text_color=&#8221;#E61873&#8243; body_line_height=&#8221;1.4em&#8221; animation_style=&#8221;slide&#8221; animation_direction=&#8221;right&#8221; animation=&#8221;off&#8221; header_font_size_tablet=&#8221;&#8221; header_font_size_phone=&#8221;16px&#8221; header_font_size_last_edited=&#8221;on|phone&#8221; locked=&#8221;off&#8221; global_colors_info=&#8221;{}&#8221;]<\/p>\n<p>Oliver Rehbach<\/p>\n<p>[\/et_pb_blurb][et_pb_text _builder_version=&#8221;4.19.5&#8243; _module_preset=&#8221;default&#8221; text_font=&#8221;Montserrat||||||||&#8221; text_font_size=&#8221;17px&#8221; header_2_text_color=&#8221;#E61873&#8243; animation_style=&#8221;fade&#8221; global_colors_info=&#8221;{}&#8221;]<\/p>\n<p>Es ist einfach. Jeder macht\u00b4s. Und es geh\u00f6rt zu einem gesunden und gl\u00fccklichen Leben einfach dazu.<\/p>\n<p>[\/et_pb_text][et_pb_text _builder_version=&#8221;4.19.5&#8243; _module_preset=&#8221;default&#8221; text_font=&#8221;Montserrat||||||||&#8221; text_font_size=&#8221;17px&#8221; header_2_text_color=&#8221;#E61873&#8243; animation_style=&#8221;fade&#8221; global_colors_info=&#8221;{}&#8221;]<\/p>\n<h2>Unser Ziel<\/h2>\n<p>Wir wollen die Menschen vor allem ins TUN und Handeln bringen. Denn wir sind der Meinung, dass wir in unserer heutigen Zeit kein Erkenntnisproblem, sondern vielmehr ein Umsetzungsproblem haben. D.h. wir wissen (eigentlich) alles.<\/p>\n<p>Unser Problem ist nur, dass wir dieses Wissen nicht oder nur unzureichend anwenden, da wir zu viele Optionen und M\u00f6glichkeiten haben. Und genau dieses ZU VIEL macht uns ohnm\u00e4chtig, orientierungslos und unsicher. Den Menschen fehlt das Gef\u00fchl etwas zu schaffen und zu Ende zu bringen. Durchhalten und dran bleiben sind lediglich w\u00fcnschenswerte Tugenden. Erfolg ist etwas, was anscheinend nur noch wenige zu verzeichnen haben. Wie soll es auch anders sein, wenn wir die Dinge nur noch kennen aber nicht mehr k\u00f6nnen?<\/p>\n<p>[\/et_pb_text][\/et_pb_column][\/et_pb_row][et_pb_row _builder_version=&#8221;4.19.4&#8243; _module_preset=&#8221;default&#8221; global_colors_info=&#8221;{}&#8221;][et_pb_column type=&#8221;4_4&#8243; _builder_version=&#8221;4.19.4&#8243; _module_preset=&#8221;default&#8221; global_colors_info=&#8221;{}&#8221;][et_pb_text _builder_version=&#8221;4.19.4&#8243; _module_preset=&#8221;default&#8221; text_font=&#8221;Montserrat||||||||&#8221; text_font_size=&#8221;17px&#8221; header_2_text_color=&#8221;#E61873&#8243; header_3_font_size=&#8221;27px&#8221; animation_style=&#8221;fade&#8221; global_colors_info=&#8221;{}&#8221;]<\/p>\n<p>Genau deshalb machen wir es uns zur Aufgabe mit BRAINKINETIK\u00ae daf\u00fcr eine L\u00f6sung zu bieten.<\/p>\n<p>Denn Menschen&#8230;<\/p>\n<ul>\n<li>ben\u00f6tigen nicht noch mehr komplexe Infos.<\/li>\n<li>wollen einfache verst\u00e4ndliche Anleitungen.<\/li>\n<li>sollten mehr tun, machen, sich trauen, dran bleiben.<\/li>\n<li>m\u00fcssen wieder mehr aufstehen, ben\u00f6tigen Bewegung.<\/li>\n<li>sollten lernen mit Widerst\u00e4nden und Stress umzugehen.<\/li>\n<li>brauchen positive Erfahrungen und emotionalen Ausgleich.<\/li>\n<\/ul>\n<p>Kurzum: <strong>MACH&#8217;S EINFACH.<\/strong><\/p>\n<p>[\/et_pb_text][\/et_pb_column][\/et_pb_row][\/et_pb_section]<\/p>\n","protected":false},"excerpt":{"rendered":"<p>DIE VISIONGanz einfach. Es ist einfach. Jeder macht\u00b4s. Und es geh\u00f6rt zu einem gesunden und gl\u00fccklichen Leben einfach dazu. UNSERE VISIONOliver RehbachEs ist einfach. Jeder macht\u00b4s. Und es geh\u00f6rt zu einem gesunden und gl\u00fccklichen Leben einfach dazu.Unser Ziel Wir wollen die Menschen vor allem ins TUN und Handeln bringen. Denn wir sind der Meinung, dass [&hellip;]<\/p>\n","protected":false},"author":2,"featured_media":0,"parent":0,"menu_order":0,"comment_status":"closed","ping_status":"closed","template":"","meta":{"_et_pb_use_builder":"on","_et_pb_old_content":"","_et_gb_content_width":"","footnotes":""},"dipi_cpt_category":[],"class_list":["post-20204052","page","type-page","status-publish","hentry"],"yoast_head":"<!-- This site is optimized with the Yoast SEO plugin v27.3 - https:\/\/yoast.com\/product\/yoast-seo-wordpress\/ -->\n<title>VISION - BRAINKINETIK&reg;<\/title>\n<meta name=\"description\" content=\"Ganz einfach. Es ist einfach. Jeder macht\u00b4s. Und es geh\u00f6rt zu einem gesunden und gl\u00fccklichen Leben einfach dazu.\" \/>\n<meta name=\"robots\" content=\"index, follow, max-snippet:-1, max-image-preview:large, max-video-preview:-1\" \/>\n<link rel=\"canonical\" href=\"https:\/\/brainkinetik.online\/en\/die-vision\/\" \/>\n<meta property=\"og:locale\" content=\"en_US\" \/>\n<meta property=\"og:type\" content=\"article\" \/>\n<meta property=\"og:title\" content=\"VISION - BRAINKINETIK&reg;\" \/>\n<meta property=\"og:description\" content=\"Ganz einfach. Es ist einfach. Jeder macht\u00b4s. Und es geh\u00f6rt zu einem gesunden und gl\u00fccklichen Leben einfach dazu.\" \/>\n<meta property=\"og:url\" content=\"https:\/\/brainkinetik.online\/en\/die-vision\/\" \/>\n<meta property=\"og:site_name\" content=\"BRAINKINETIK&reg;\" \/>\n<meta property=\"article:publisher\" content=\"https:\/\/www.facebook.com\/profile.php?id=100085260804855\" \/>\n<meta property=\"article:modified_time\" content=\"2023-01-31T15:25:44+00:00\" \/>\n<meta name=\"twitter:card\" content=\"summary_large_image\" \/>\n<meta name=\"twitter:label1\" content=\"Est. reading time\" \/>\n\t<meta name=\"twitter:data1\" content=\"3 minutes\" \/>\n<script type=\"application\/ld+json\" class=\"yoast-schema-graph\">{\"@context\":\"https:\\\/\\\/schema.org\",\"@graph\":[{\"@type\":\"WebPage\",\"@id\":\"https:\\\/\\\/brainkinetik.online\\\/die-vision\\\/\",\"url\":\"https:\\\/\\\/brainkinetik.online\\\/die-vision\\\/\",\"name\":\"VISION - BRAINKINETIK&reg;\",\"isPartOf\":{\"@id\":\"https:\\\/\\\/brainkinetik-xf570rxsj1.live-website.com\\\/#website\"},\"datePublished\":\"2023-01-03T11:35:02+00:00\",\"dateModified\":\"2023-01-31T15:25:44+00:00\",\"description\":\"Ganz einfach. Es ist einfach. Jeder macht\u00b4s. Und es geh\u00f6rt zu einem gesunden und gl\u00fccklichen Leben einfach dazu.\",\"breadcrumb\":{\"@id\":\"https:\\\/\\\/brainkinetik.online\\\/die-vision\\\/#breadcrumb\"},\"inLanguage\":\"en-US\",\"potentialAction\":[{\"@type\":\"ReadAction\",\"target\":[\"https:\\\/\\\/brainkinetik.online\\\/die-vision\\\/\"]}]},{\"@type\":\"BreadcrumbList\",\"@id\":\"https:\\\/\\\/brainkinetik.online\\\/die-vision\\\/#breadcrumb\",\"itemListElement\":[{\"@type\":\"ListItem\",\"position\":1,\"name\":\"Startseite\",\"item\":\"https:\\\/\\\/brainkinetik.online\\\/\"},{\"@type\":\"ListItem\",\"position\":2,\"name\":\"VISION\"}]},{\"@type\":\"WebSite\",\"@id\":\"https:\\\/\\\/brainkinetik-xf570rxsj1.live-website.com\\\/#website\",\"url\":\"https:\\\/\\\/brainkinetik-xf570rxsj1.live-website.com\\\/\",\"name\":\"BRAINKINETIK&reg;\",\"description\":\"Mach's einfach.\",\"publisher\":{\"@id\":\"https:\\\/\\\/brainkinetik-xf570rxsj1.live-website.com\\\/#organization\"},\"potentialAction\":[{\"@type\":\"SearchAction\",\"target\":{\"@type\":\"EntryPoint\",\"urlTemplate\":\"https:\\\/\\\/brainkinetik-xf570rxsj1.live-website.com\\\/?s={search_term_string}\"},\"query-input\":{\"@type\":\"PropertyValueSpecification\",\"valueRequired\":true,\"valueName\":\"search_term_string\"}}],\"inLanguage\":\"en-US\"},{\"@type\":\"Organization\",\"@id\":\"https:\\\/\\\/brainkinetik-xf570rxsj1.live-website.com\\\/#organization\",\"name\":\"BRAINKINETIK\u00ae - MACH'S EINFACH.\",\"alternateName\":\"BRAINKINETIK\u00ae\",\"url\":\"https:\\\/\\\/brainkinetik-xf570rxsj1.live-website.com\\\/\",\"logo\":{\"@type\":\"ImageObject\",\"inLanguage\":\"en-US\",\"@id\":\"https:\\\/\\\/brainkinetik-xf570rxsj1.live-website.com\\\/#\\\/schema\\\/logo\\\/image\\\/\",\"url\":\"https:\\\/\\\/brainkinetik.online\\\/wp-content\\\/uploads\\\/2022\\\/12\\\/BK_Logo_1222_Zeichenflaeche-1.png\",\"contentUrl\":\"https:\\\/\\\/brainkinetik.online\\\/wp-content\\\/uploads\\\/2022\\\/12\\\/BK_Logo_1222_Zeichenflaeche-1.png\",\"width\":1536,\"height\":591,\"caption\":\"BRAINKINETIK\u00ae - MACH'S EINFACH.\"},\"image\":{\"@id\":\"https:\\\/\\\/brainkinetik-xf570rxsj1.live-website.com\\\/#\\\/schema\\\/logo\\\/image\\\/\"},\"sameAs\":[\"https:\\\/\\\/www.facebook.com\\\/profile.php?id=100085260804855\",\"https:\\\/\\\/www.instagram.com\\\/brainkinetik\\\/\",\"https:\\\/\\\/www.youtube.com\\\/@brainkinetik9488\",\"https:\\\/\\\/www.linkedin.com\\\/company\\\/brainkinetik\\\/\"]}]}<\/script>\n<!-- \/ Yoast SEO plugin. -->","yoast_head_json":{"title":"VISION - BRAINKINETIK&reg;","description":"Ganz einfach. Es ist einfach. Jeder macht\u00b4s. Und es geh\u00f6rt zu einem gesunden und gl\u00fccklichen Leben einfach dazu.","robots":{"index":"index","follow":"follow","max-snippet":"max-snippet:-1","max-image-preview":"max-image-preview:large","max-video-preview":"max-video-preview:-1"},"canonical":"https:\/\/brainkinetik.online\/en\/die-vision\/","og_locale":"en_US","og_type":"article","og_title":"VISION - BRAINKINETIK&reg;","og_description":"Ganz einfach. Es ist einfach. Jeder macht\u00b4s. Und es geh\u00f6rt zu einem gesunden und gl\u00fccklichen Leben einfach dazu.","og_url":"https:\/\/brainkinetik.online\/en\/die-vision\/","og_site_name":"BRAINKINETIK&reg;","article_publisher":"https:\/\/www.facebook.com\/profile.php?id=100085260804855","article_modified_time":"2023-01-31T15:25:44+00:00","twitter_card":"summary_large_image","twitter_misc":{"Est. reading time":"3 minutes"},"schema":{"@context":"https:\/\/schema.org","@graph":[{"@type":"WebPage","@id":"https:\/\/brainkinetik.online\/die-vision\/","url":"https:\/\/brainkinetik.online\/die-vision\/","name":"VISION - BRAINKINETIK&reg;","isPartOf":{"@id":"https:\/\/brainkinetik-xf570rxsj1.live-website.com\/#website"},"datePublished":"2023-01-03T11:35:02+00:00","dateModified":"2023-01-31T15:25:44+00:00","description":"Ganz einfach. Es ist einfach. Jeder macht\u00b4s. Und es geh\u00f6rt zu einem gesunden und gl\u00fccklichen Leben einfach dazu.","breadcrumb":{"@id":"https:\/\/brainkinetik.online\/die-vision\/#breadcrumb"},"inLanguage":"en-US","potentialAction":[{"@type":"ReadAction","target":["https:\/\/brainkinetik.online\/die-vision\/"]}]},{"@type":"BreadcrumbList","@id":"https:\/\/brainkinetik.online\/die-vision\/#breadcrumb","itemListElement":[{"@type":"ListItem","position":1,"name":"Startseite","item":"https:\/\/brainkinetik.online\/"},{"@type":"ListItem","position":2,"name":"VISION"}]},{"@type":"WebSite","@id":"https:\/\/brainkinetik-xf570rxsj1.live-website.com\/#website","url":"https:\/\/brainkinetik-xf570rxsj1.live-website.com\/","name":"BRAINKINETIK&reg;","description":"Mach's einfach.","publisher":{"@id":"https:\/\/brainkinetik-xf570rxsj1.live-website.com\/#organization"},"potentialAction":[{"@type":"SearchAction","target":{"@type":"EntryPoint","urlTemplate":"https:\/\/brainkinetik-xf570rxsj1.live-website.com\/?s={search_term_string}"},"query-input":{"@type":"PropertyValueSpecification","valueRequired":true,"valueName":"search_term_string"}}],"inLanguage":"en-US"},{"@type":"Organization","@id":"https:\/\/brainkinetik-xf570rxsj1.live-website.com\/#organization","name":"BRAINKINETIK\u00ae - MACH'S EINFACH.","alternateName":"BRAINKINETIK\u00ae","url":"https:\/\/brainkinetik-xf570rxsj1.live-website.com\/","logo":{"@type":"ImageObject","inLanguage":"en-US","@id":"https:\/\/brainkinetik-xf570rxsj1.live-website.com\/#\/schema\/logo\/image\/","url":"https:\/\/brainkinetik.online\/wp-content\/uploads\/2022\/12\/BK_Logo_1222_Zeichenflaeche-1.png","contentUrl":"https:\/\/brainkinetik.online\/wp-content\/uploads\/2022\/12\/BK_Logo_1222_Zeichenflaeche-1.png","width":1536,"height":591,"caption":"BRAINKINETIK\u00ae - MACH'S EINFACH."},"image":{"@id":"https:\/\/brainkinetik-xf570rxsj1.live-website.com\/#\/schema\/logo\/image\/"},"sameAs":["https:\/\/www.facebook.com\/profile.php?id=100085260804855","https:\/\/www.instagram.com\/brainkinetik\/","https:\/\/www.youtube.com\/@brainkinetik9488","https:\/\/www.linkedin.com\/company\/brainkinetik\/"]}]}},"_links":{"self":[{"href":"https:\/\/brainkinetik.online\/en\/wp-json\/wp\/v2\/pages\/20204052","targetHints":{"allow":["GET"]}}],"collection":[{"href":"https:\/\/brainkinetik.online\/en\/wp-json\/wp\/v2\/pages"}],"about":[{"href":"https:\/\/brainkinetik.online\/en\/wp-json\/wp\/v2\/types\/page"}],"author":[{"embeddable":true,"href":"https:\/\/brainkinetik.online\/en\/wp-json\/wp\/v2\/users\/2"}],"replies":[{"embeddable":true,"href":"https:\/\/brainkinetik.online\/en\/wp-json\/wp\/v2\/comments?post=20204052"}],"version-history":[{"count":37,"href":"https:\/\/brainkinetik.online\/en\/wp-json\/wp\/v2\/pages\/20204052\/revisions"}],"predecessor-version":[{"id":20205362,"href":"https:\/\/brainkinetik.online\/en\/wp-json\/wp\/v2\/pages\/20204052\/revisions\/20205362"}],"wp:attachment":[{"href":"https:\/\/brainkinetik.online\/en\/wp-json\/wp\/v2\/media?parent=20204052"}],"wp:term":[{"taxonomy":"dipi_cpt_category","embeddable":true,"href":"https:\/\/brainkinetik.online\/en\/wp-json\/wp\/v2\/dipi_cpt_category?post=20204052"}],"curies":[{"name":"wp","href":"https:\/\/api.w.org\/{rel}","templated":true}]}}