{"id":20204043,"date":"2023-01-03T12:32:02","date_gmt":"2023-01-03T11:32:02","guid":{"rendered":"https:\/\/brainkinetik.online\/?page_id=20204043"},"modified":"2024-05-21T13:59:01","modified_gmt":"2024-05-21T11:59:01","slug":"das-team","status":"publish","type":"page","link":"https:\/\/brainkinetik.online\/en\/das-team\/","title":{"rendered":"TEAM"},"content":{"rendered":"<p>[et_pb_section fb_built=&#8221;1&#8243; admin_label=&#8221;Steps&#8221; module_class=&#8221;custom-element&#8221; _builder_version=&#8221;4.19.5&#8243; _module_preset=&#8221;default&#8221; background_color=&#8221;#E61873&#8243; background_image=&#8221;https:\/\/brainkinetik.online\/wp-content\/uploads\/2023\/01\/DSC8920-199-scaled.jpg&#8221; background_size=&#8221;custom&#8221; background_image_height=&#8221;100%&#8221; background_position=&#8221;top_right&#8221; background_horizontal_offset=&#8221;0%&#8221; background_enable_video_mp4=&#8221;off&#8221; background_enable_mask_style=&#8221;on&#8221; background_mask_style=&#8221;caret&#8221; background_mask_color=&#8221;#E61873&#8243; custom_padding=&#8221;||0px|||&#8221; background_last_edited=&#8221;on|phone&#8221; background_enable_image_tablet=&#8221;off&#8221; background_image_height_tablet=&#8221;65%&#8221; background_position_tablet=&#8221;bottom_right&#8221; background_horizontal_offset_tablet=&#8221;-37%&#8221; collapsed=&#8221;on&#8221; global_colors_info=&#8221;{}&#8221;][et_pb_row column_structure=&#8221;1_2,1_2&#8243; custom_padding_last_edited=&#8221;on|desktop&#8221; _builder_version=&#8221;4.19.4&#8243; _module_preset=&#8221;default&#8221; background_enable_color=&#8221;off&#8221; background_enable_video_mp4=&#8221;off&#8221; custom_padding=&#8221;||45px|||&#8221; custom_padding_tablet=&#8221;||0px||false|false&#8221; custom_padding_phone=&#8221;||0px||false|false&#8221; global_colors_info=&#8221;{}&#8221;][et_pb_column type=&#8221;1_2&#8243; _builder_version=&#8221;4.19.4&#8243; _module_preset=&#8221;default&#8221; custom_padding_tablet=&#8221;0px||0px||false|false&#8221; custom_padding_phone=&#8221;0px||0px||false|false&#8221; custom_padding_last_edited=&#8221;on|tablet&#8221; global_colors_info=&#8221;{}&#8221;][et_pb_text _builder_version=&#8221;4.20.2&#8243; _module_preset=&#8221;b327cbe4-b1d5-4b66-ad37-40c8f2f061ba&#8221; text_text_color=&#8221;#E61873&#8243; header_font=&#8221;Poppins|600|||||||&#8221; header_text_color=&#8221;#FFFFFF&#8221; header_font_size=&#8221;95px&#8221; header_2_text_color=&#8221;#E61873&#8243; header_2_font_size=&#8221;46px&#8221; min_height_tablet=&#8221;&#8221; min_height_phone=&#8221;&#8221; min_height_last_edited=&#8221;on|phone&#8221; custom_margin=&#8221;||4px|||&#8221; animation_style=&#8221;slide&#8221; animation_direction=&#8221;right&#8221; header_text_align_tablet=&#8221;&#8221; header_text_align_phone=&#8221;center&#8221; header_text_align_last_edited=&#8221;on|phone&#8221; header_font_size_tablet=&#8221;95px&#8221; header_font_size_phone=&#8221;53px&#8221; header_font_size_last_edited=&#8221;on|phone&#8221; global_colors_info=&#8221;{}&#8221;]<\/p>\n<h1>DAS<\/h1>\n<h1>TEAM<\/h1>\n<p>[\/et_pb_text][et_pb_text _builder_version=&#8221;4.19.5&#8243; _module_preset=&#8221;default&#8221; header_2_text_color=&#8221;#FFFFFF&#8221; animation_style=&#8221;slide&#8221; animation_direction=&#8221;right&#8221; header_2_text_align_tablet=&#8221;&#8221; header_2_text_align_phone=&#8221;center&#8221; header_2_text_align_last_edited=&#8221;on|tablet&#8221; global_colors_info=&#8221;{}&#8221;]<\/p>\n<h2>Leidenschaft pur.<\/h2>\n<p>[\/et_pb_text][et_pb_text _builder_version=&#8221;4.19.5&#8243; _module_preset=&#8221;1f09816e-184e-4ce5-a4cf-b39c52c423ca&#8221; text_font=&#8221;Montserrat||||||||&#8221; text_text_color=&#8221;#FFFFFF&#8221; text_font_size=&#8221;17px&#8221; custom_margin_tablet=&#8221;|130px|||false|false&#8221; custom_margin_phone=&#8221;|0px|||false|false&#8221; custom_margin_last_edited=&#8221;on|phone&#8221; animation_style=&#8221;slide&#8221; animation_direction=&#8221;right&#8221; animation_delay=&#8221;50ms&#8221; header_font_size_tablet=&#8221;55px&#8221; header_font_size_last_edited=&#8221;off|desktop&#8221; text_orientation_tablet=&#8221;&#8221; text_orientation_phone=&#8221;center&#8221; text_orientation_last_edited=&#8221;on|phone&#8221; global_colors_info=&#8221;{}&#8221;]<\/p>\n<div title=\"Page 1\">\n<div>\n<div>\n<div>\n<p>Unser Team besteht aus leidenschaftlich agierenden Spezialisten. Unsere Verbindung basiert auf Freude am Tun.<\/p>\n<\/div>\n<\/div>\n<\/div>\n<\/div>\n<p>[\/et_pb_text][\/et_pb_column][et_pb_column type=&#8221;1_2&#8243; _builder_version=&#8221;4.19.4&#8243; _module_preset=&#8221;default&#8221; global_colors_info=&#8221;{}&#8221;][et_pb_image src=&#8221;https:\/\/brainkinetik.online\/wp-content\/uploads\/2023\/01\/DSC8920-199-scaled.jpg&#8221; title_text=&#8221;_DSC8920-199&#8243; align_tablet=&#8221;center&#8221; align_phone=&#8221;center&#8221; align_last_edited=&#8221;on|tablet&#8221; disabled_on=&#8221;off|off|on&#8221; _builder_version=&#8221;4.19.5&#8243; _module_preset=&#8221;default&#8221; transform_scale_tablet=&#8221;116%|116%&#8221; transform_scale_phone=&#8221;116%|116%&#8221; transform_scale_last_edited=&#8221;on|tablet&#8221; transform_translate_tablet=&#8221;0px|20px&#8221; transform_translate_phone=&#8221;1px|19px&#8221; transform_translate_last_edited=&#8221;on|phone&#8221; transform_translate_linked_tablet=&#8221;off&#8221; transform_rotate_tablet=&#8221;&#8221; transform_rotate_phone=&#8221;&#8221; transform_rotate_last_edited=&#8221;on|desktop&#8221; transform_skew_tablet=&#8221;&#8221; transform_skew_phone=&#8221;&#8221; transform_skew_last_edited=&#8221;on|desktop&#8221; transform_origin_tablet=&#8221;&#8221; transform_origin_phone=&#8221;&#8221; transform_origin_last_edited=&#8221;on|desktop&#8221; transform_styles_last_edited=&#8221;on|phone&#8221; max_width=&#8221;63%&#8221; transform_styles_tablet=&#8221;&#8221; transform_styles_phone=&#8221;&#8221; box_shadow_style=&#8221;preset1&#8243; global_colors_info=&#8221;{}&#8221;][\/et_pb_image][\/et_pb_column][\/et_pb_row][\/et_pb_section][et_pb_section fb_built=&#8221;1&#8243; module_id=&#8221;services&#8221; _builder_version=&#8221;4.19.5&#8243; background_color=&#8221;#FFFFFF&#8221; background_enable_image=&#8221;off&#8221; background_size=&#8221;contain&#8221; background_position=&#8221;bottom_left&#8221; custom_padding=&#8221;||150px||false|false&#8221; global_colors_info=&#8221;{}&#8221;][et_pb_row use_custom_gutter=&#8221;on&#8221; gutter_width=&#8221;1&#8243; _builder_version=&#8221;4.16&#8243; background_size=&#8221;initial&#8221; background_position=&#8221;top_left&#8221; background_repeat=&#8221;repeat&#8221; custom_padding=&#8221;||0px|||&#8221; global_colors_info=&#8221;{}&#8221;][et_pb_column type=&#8221;4_4&#8243; _builder_version=&#8221;4.16&#8243; custom_padding=&#8221;|||&#8221; global_colors_info=&#8221;{}&#8221; custom_padding__hover=&#8221;|||&#8221;][et_pb_text _builder_version=&#8221;4.19.5&#8243; text_font=&#8221;Poppins|600|||||||&#8221; text_text_color=&#8221;#E61873&#8243; text_font_size=&#8221;2.5vw&#8221; text_line_height=&#8221;1.2em&#8221; text_orientation=&#8221;center&#8221; text_font_size_tablet=&#8221;5vw&#8221; text_font_size_phone=&#8221;7vw&#8221; global_colors_info=&#8221;{}&#8221;]<\/p>\n<p>LERNE UNSER TEAM KENNEN<\/p>\n<p>[\/et_pb_text][et_pb_text _builder_version=&#8221;4.19.5&#8243; text_font=&#8221;Montserrat||||||||&#8221; text_font_size=&#8221;17px&#8221; text_line_height=&#8221;1.4em&#8221; text_orientation=&#8221;center&#8221; max_width=&#8221;859px&#8221; module_alignment=&#8221;center&#8221; custom_margin=&#8221;20px||||false|false&#8221; text_font_size_phone=&#8221;17px&#8221; global_colors_info=&#8221;{}&#8221;]<\/p>\n<p>Die BRAINKINETIK GmbH orientiert sich in Ihrer Organisationsform am Vorbild der Natur und der Funktionsweise unseres Gehirns. Verbindung ist f\u00fcr uns alles.<\/p>\n<p>[\/et_pb_text][et_pb_divider show_divider=&#8221;off&#8221; _builder_version=&#8221;4.19.5&#8243; width=&#8221;40px&#8221; max_width=&#8221;40px&#8221; module_alignment=&#8221;center&#8221; animation_style=&#8221;zoom&#8221; animation_direction=&#8221;right&#8221; animation_duration=&#8221;2000ms&#8221; animation_intensity_zoom=&#8221;100%&#8221; global_colors_info=&#8221;{}&#8221;][\/et_pb_divider][\/et_pb_column][\/et_pb_row][et_pb_row column_structure=&#8221;1_2,1_2&#8243; use_custom_gutter=&#8221;on&#8221; gutter_width=&#8221;2&#8243; _builder_version=&#8221;4.25.1&#8243; global_colors_info=&#8221;{}&#8221;][et_pb_column type=&#8221;1_2&#8243; _builder_version=&#8221;4.19.5&#8243; background_enable_image=&#8221;off&#8221; global_colors_info=&#8221;{}&#8221;][dipi_flip_box front_title=&#8221;CHRIS&#8221; front_content=&#8221;<\/p>\n<p>BRAINKINETIK\u00ae EXPERTE<\/p>\n<p>&#8221; back_title=&#8221;CHRIS&#8221; use_back_icon=&#8221;on&#8221; back_icon=&#8221;&#xf87c;||fa||900&#8243; back_icon_color=&#8221;#E61873&#8243; back_content=&#8221;<\/p>\n<p>Chris ist BRAINKINETIK\u00ae EXPERTE und Freestyle Profi. Zudem ist er Gesellschafter der BRAINKINETIK GmbH und inhaltlich unser Mann f\u00fcr das System, die Erstellung von Videos und unser lebendiges Beispiel was mit BRAINKINETIK\u00ae alles m\u00f6glich ist.<\/p>\n<p>&#8221; flip_box_height=&#8221;450px&#8221; use_3d_effect=&#8221;on&#8221; back_side_bg_color=&#8221;#ffffff&#8221; front_side_bg_use_color_gradient=&#8221;on&#8221; front_side_bg_color_gradient_stops=&#8221;rgba(12,16,40,0) 68%|rgba(12,16,40,0.59) 100%&#8221; front_side_bg_color_gradient_overlays_image=&#8221;on&#8221; front_side_bg_color_gradient_start=&#8221;rgba(12,16,40,0)&#8221; front_side_bg_color_gradient_start_position=&#8221;68%&#8221; front_side_bg_color_gradient_end=&#8221;rgba(12,16,40,0.59)&#8221; front_side_bg_image=&#8221;https:\/\/brainkinetik.online\/wp-content\/uploads\/2023\/01\/DSC8851-188-scaled.jpg&#8221; front_side_bg_blend=&#8221;multiply&#8221; _builder_version=&#8221;4.25.1&#8243; front_title_font=&#8221;Poppins||||||||&#8221; front_title_text_color=&#8221;#ffffff&#8221; front_title_font_size=&#8221;24px&#8221; front_desc_font=&#8221;Poppins|300||on|||||&#8221; front_desc_text_color=&#8221;#ffffff&#8221; back_title_font=&#8221;Poppins|700|||||||&#8221; back_title_text_color=&#8221;#E61873&#8243; back_title_font_size=&#8221;24px&#8221; back_desc_font=&#8221;Montserrat|300|||||||&#8221; back_desc_text_color=&#8221;#666666&#8243; back_desc_font_size=&#8221;14px&#8221; custom_padding=&#8221;|40px||40px|false|false&#8221; front_title_font_size_tablet=&#8221;24px&#8221; front_title_font_size_phone=&#8221;24px&#8221; front_title_font_size_last_edited=&#8221;on|desktop&#8221; back_title_font_size_tablet=&#8221;24px&#8221; back_title_font_size_phone=&#8221;24px&#8221; back_title_font_size_last_edited=&#8221;on|desktop&#8221; back_desc_font_size_tablet=&#8221;14px&#8221; back_desc_font_size_phone=&#8221;14px&#8221; back_desc_font_size_last_edited=&#8221;on|desktop&#8221; custom_css_front_title=&#8221;padding-top: 320px;||margin-bottom: 0px;&#8221; custom_css_front_description=&#8221;margin-top: -10px;&#8221; border_color_all=&#8221;#E61873&#8243; border_width_bottom=&#8221;5px&#8221; box_shadow_style=&#8221;preset1&#8243; box_shadow_vertical=&#8221;17px&#8221; box_shadow_blur=&#8221;80px&#8221; box_shadow_spread=&#8221;-10px&#8221; box_shadow_color=&#8221;rgba(12,16,40,0.12)&#8221; global_colors_info=&#8221;{}&#8221; overlay_bg_color_gradient_type_tablet=&#8221;linear&#8221; overlay_bg_color_gradient_type_phone=&#8221;linear&#8221; overlay_bg_color_gradient_type__hover=&#8221;linear&#8221; image_bg_color_gradient_type__hover=&#8221;linear&#8221;][\/dipi_flip_box][\/et_pb_column][et_pb_column type=&#8221;1_2&#8243; _builder_version=&#8221;4.25.1&#8243; background_enable_image=&#8221;off&#8221; global_colors_info=&#8221;{}&#8221;][dipi_flip_box front_title=&#8221;Oliver&#8221; front_content=&#8221;<\/p>\n<p>BRAINKINETIK\u00ae EXPERTE<\/p>\n<p>&#8221; back_title=&#8221;OLIVER&#8221; use_back_icon=&#8221;on&#8221; back_icon=&#8221;&#xe605;||divi||400&#8243; back_icon_color=&#8221;#E61873&#8243; back_content=&#8221;<\/p>\n<p>Oliver ist BRAINKINETIK\u00ae EXPERTE, Inhaber und Gesch\u00e4ftsf\u00fchrer der BRAINKINETIK GmbH und verantwortlich f\u00fcr Ausbildungen, Finanzen, Kooperationen und die strategische Ausrichtung.<\/p>\n<p>&#8221; flip_box_height=&#8221;450px&#8221; use_3d_effect=&#8221;on&#8221; back_side_bg_color=&#8221;#ffffff&#8221; front_side_bg_use_color_gradient=&#8221;on&#8221; front_side_bg_color_gradient_stops=&#8221;rgba(12,16,40,0) 68%|rgba(12,16,40,0.59) 100%&#8221; front_side_bg_color_gradient_overlays_image=&#8221;on&#8221; front_side_bg_color_gradient_start=&#8221;rgba(12,16,40,0)&#8221; front_side_bg_color_gradient_start_position=&#8221;68%&#8221; front_side_bg_color_gradient_end=&#8221;rgba(12,16,40,0.59)&#8221; front_side_bg_image=&#8221;https:\/\/brainkinetik.online\/wp-content\/uploads\/2023\/04\/Oliver_Portrait_1-scaled.jpg&#8221; front_side_bg_position=&#8221;top_center&#8221; front_side_bg_vertical_offset=&#8221;-84%&#8221; front_side_bg_blend=&#8221;multiply&#8221; _builder_version=&#8221;4.25.1&#8243; front_title_font=&#8221;Poppins||||||||&#8221; front_title_text_color=&#8221;#ffffff&#8221; front_title_font_size=&#8221;24px&#8221; front_desc_font=&#8221;Poppins|300||on|||||&#8221; front_desc_text_color=&#8221;#ffffff&#8221; back_title_font=&#8221;Poppins|700|||||||&#8221; back_title_text_color=&#8221;#E61873&#8243; back_title_font_size=&#8221;24px&#8221; back_desc_font=&#8221;Montserrat|300|||||||&#8221; back_desc_text_color=&#8221;#666666&#8243; back_desc_font_size=&#8221;14px&#8221; custom_padding=&#8221;|40px||40px|false|false&#8221; custom_padding_tablet=&#8221;&#8221; custom_padding_phone=&#8221;&#8221; custom_padding_last_edited=&#8221;on|phone&#8221; hover_enabled=&#8221;0&#8243; front_title_font_size_tablet=&#8221;24px&#8221; front_title_font_size_phone=&#8221;24px&#8221; front_title_font_size_last_edited=&#8221;on|desktop&#8221; back_title_font_size_tablet=&#8221;24px&#8221; back_title_font_size_phone=&#8221;24px&#8221; back_title_font_size_last_edited=&#8221;on|desktop&#8221; back_desc_font_size_tablet=&#8221;14px&#8221; back_desc_font_size_phone=&#8221;14px&#8221; back_desc_font_size_last_edited=&#8221;on|desktop&#8221; custom_css_front_title=&#8221;padding-top: 320px;||margin-bottom: 0px;&#8221; custom_css_front_description=&#8221;margin-top: -10px;&#8221; border_width_bottom=&#8221;5px&#8221; border_color_bottom=&#8221;#E61873&#8243; box_shadow_style=&#8221;preset1&#8243; box_shadow_vertical=&#8221;17px&#8221; box_shadow_blur=&#8221;80px&#8221; box_shadow_spread=&#8221;-10px&#8221; box_shadow_color=&#8221;rgba(12,16,40,0.12)&#8221; global_colors_info=&#8221;{}&#8221; overlay_bg_color_gradient_type_tablet=&#8221;linear&#8221; overlay_bg_color_gradient_type_phone=&#8221;linear&#8221; overlay_bg_color_gradient_type__hover=&#8221;linear&#8221; image_bg_color_gradient_type__hover=&#8221;linear&#8221; title_text=&#8221;Oliver_Portrait_1&#8243; sticky_enabled=&#8221;0&#8243;][\/dipi_flip_box][\/et_pb_column][\/et_pb_row][\/et_pb_section]<\/p>\n","protected":false},"excerpt":{"rendered":"<p>DAS TEAMLeidenschaft pur. Unser Team besteht aus leidenschaftlich agierenden Spezialisten. Unsere Verbindung basiert auf Freude am Tun. LERNE UNSER TEAM KENNENDie BRAINKINETIK GmbH orientiert sich in Ihrer Organisationsform am Vorbild der Natur und der Funktionsweise unseres Gehirns. Verbindung ist f\u00fcr uns alles.<div class=\"et_pb_module dipi_flip_box dipi_flip_box_0\">\n\t\t\t\t\n\t\t\t\t\n\t\t\t\t\n\t\t\t\t\n\t\t\t\t\n\t\t\t\t\n\t\t\t\t<div class=\"et_pb_module_inner\">\n\t\t\t\t\t<div class=\"dipi-flip-box-container\" data-dynamic_height=\"off\" data-force_square=\"off\">\n                <div class=\"dipi-flip-box-inner dipi-flip-left-right\">\n                    <div class=\"dipi-flip-box-inner-wrapper\">\n                        <div class=\"dipi-flip-box-front-side\">\n                <div class=\"dipi-flip-box-front-side-wrapper\">\n                    \n                    <div class=\"dipi-flip-box-front-side-innner\">\n                        \n                        <div class=\"dipi-text\">\n                    <h2 class=\"dipi-flip-box-heading\">&#8221;CHRIS&#8221;<\/h2>\n                    <div class=\"dipi-desc\">&#8221;BRAINKINETIK\u00ae<\/div>\n                    \n                <\/div>\n                    <\/div>\n                <\/div>\n            <\/div>\n            \n                        <div class=\"dipi-flip-box-back-side\">\n                <div class=\"dipi-flip-box-back-side-wrapper\">\n                    \n                    <div class=\"dipi-flip-box-back-side-innner\">\n                        \n                        <div class=\"dipi-text\">\n                    <h2 class=\"dipi-flip-box-heading\">\n                    &#8221;CHRIS&#8221;\n                <\/h2>\n                    <div class=\"dipi-desc\">&#8221;Chris<\/div>\n                    \n                <\/div>\n                    <\/div>\n                <\/div>\n            <\/div>\n                        \n                    <\/div>\n                <\/div>\n           <\/div>\n\t\t\t\t<\/div>\n\t\t\t<\/div><\/p>","protected":false},"author":2,"featured_media":0,"parent":0,"menu_order":0,"comment_status":"closed","ping_status":"closed","template":"","meta":{"_et_pb_use_builder":"on","_et_pb_old_content":"","_et_gb_content_width":"","footnotes":""},"dipi_cpt_category":[],"class_list":["post-20204043","page","type-page","status-publish","hentry"],"yoast_head":"<!-- This site is optimized with the Yoast SEO plugin v27.3 - https:\/\/yoast.com\/product\/yoast-seo-wordpress\/ -->\n<title>TEAM - BRAINKINETIK&reg;<\/title>\n<meta name=\"description\" content=\"Leidenschaft pur. Unser Team besteht aus leidenschaftlich agierenden Spezialisten. Unsere Verbindung basiert auf Freude am Tun\" \/>\n<meta name=\"robots\" content=\"index, follow, max-snippet:-1, max-image-preview:large, max-video-preview:-1\" \/>\n<link rel=\"canonical\" href=\"https:\/\/brainkinetik.online\/en\/das-team\/\" \/>\n<meta property=\"og:locale\" content=\"en_US\" \/>\n<meta property=\"og:type\" content=\"article\" \/>\n<meta property=\"og:title\" content=\"TEAM - BRAINKINETIK&reg;\" \/>\n<meta property=\"og:description\" content=\"Leidenschaft pur. Unser Team besteht aus leidenschaftlich agierenden Spezialisten. Unsere Verbindung basiert auf Freude am Tun\" \/>\n<meta property=\"og:url\" content=\"https:\/\/brainkinetik.online\/en\/das-team\/\" \/>\n<meta property=\"og:site_name\" content=\"BRAINKINETIK&reg;\" \/>\n<meta property=\"article:publisher\" content=\"https:\/\/www.facebook.com\/profile.php?id=100085260804855\" \/>\n<meta property=\"article:modified_time\" content=\"2024-05-21T11:59:01+00:00\" \/>\n<meta name=\"twitter:card\" content=\"summary_large_image\" \/>\n<meta name=\"twitter:label1\" content=\"Est. reading time\" \/>\n\t<meta name=\"twitter:data1\" content=\"4 minutes\" \/>\n<script type=\"application\/ld+json\" class=\"yoast-schema-graph\">{\"@context\":\"https:\\\/\\\/schema.org\",\"@graph\":[{\"@type\":\"WebPage\",\"@id\":\"https:\\\/\\\/brainkinetik.online\\\/das-team\\\/\",\"url\":\"https:\\\/\\\/brainkinetik.online\\\/das-team\\\/\",\"name\":\"TEAM - BRAINKINETIK&reg;\",\"isPartOf\":{\"@id\":\"https:\\\/\\\/brainkinetik-xf570rxsj1.live-website.com\\\/#website\"},\"datePublished\":\"2023-01-03T11:32:02+00:00\",\"dateModified\":\"2024-05-21T11:59:01+00:00\",\"description\":\"Leidenschaft pur. Unser Team besteht aus leidenschaftlich agierenden Spezialisten. Unsere Verbindung basiert auf Freude am Tun\",\"breadcrumb\":{\"@id\":\"https:\\\/\\\/brainkinetik.online\\\/das-team\\\/#breadcrumb\"},\"inLanguage\":\"en-US\",\"potentialAction\":[{\"@type\":\"ReadAction\",\"target\":[\"https:\\\/\\\/brainkinetik.online\\\/das-team\\\/\"]}]},{\"@type\":\"BreadcrumbList\",\"@id\":\"https:\\\/\\\/brainkinetik.online\\\/das-team\\\/#breadcrumb\",\"itemListElement\":[{\"@type\":\"ListItem\",\"position\":1,\"name\":\"Startseite\",\"item\":\"https:\\\/\\\/brainkinetik.online\\\/\"},{\"@type\":\"ListItem\",\"position\":2,\"name\":\"TEAM\"}]},{\"@type\":\"WebSite\",\"@id\":\"https:\\\/\\\/brainkinetik-xf570rxsj1.live-website.com\\\/#website\",\"url\":\"https:\\\/\\\/brainkinetik-xf570rxsj1.live-website.com\\\/\",\"name\":\"BRAINKINETIK&reg;\",\"description\":\"Mach's einfach.\",\"publisher\":{\"@id\":\"https:\\\/\\\/brainkinetik-xf570rxsj1.live-website.com\\\/#organization\"},\"potentialAction\":[{\"@type\":\"SearchAction\",\"target\":{\"@type\":\"EntryPoint\",\"urlTemplate\":\"https:\\\/\\\/brainkinetik-xf570rxsj1.live-website.com\\\/?s={search_term_string}\"},\"query-input\":{\"@type\":\"PropertyValueSpecification\",\"valueRequired\":true,\"valueName\":\"search_term_string\"}}],\"inLanguage\":\"en-US\"},{\"@type\":\"Organization\",\"@id\":\"https:\\\/\\\/brainkinetik-xf570rxsj1.live-website.com\\\/#organization\",\"name\":\"BRAINKINETIK\u00ae - MACH'S EINFACH.\",\"alternateName\":\"BRAINKINETIK\u00ae\",\"url\":\"https:\\\/\\\/brainkinetik-xf570rxsj1.live-website.com\\\/\",\"logo\":{\"@type\":\"ImageObject\",\"inLanguage\":\"en-US\",\"@id\":\"https:\\\/\\\/brainkinetik-xf570rxsj1.live-website.com\\\/#\\\/schema\\\/logo\\\/image\\\/\",\"url\":\"https:\\\/\\\/brainkinetik.online\\\/wp-content\\\/uploads\\\/2022\\\/12\\\/BK_Logo_1222_Zeichenflaeche-1.png\",\"contentUrl\":\"https:\\\/\\\/brainkinetik.online\\\/wp-content\\\/uploads\\\/2022\\\/12\\\/BK_Logo_1222_Zeichenflaeche-1.png\",\"width\":1536,\"height\":591,\"caption\":\"BRAINKINETIK\u00ae - MACH'S EINFACH.\"},\"image\":{\"@id\":\"https:\\\/\\\/brainkinetik-xf570rxsj1.live-website.com\\\/#\\\/schema\\\/logo\\\/image\\\/\"},\"sameAs\":[\"https:\\\/\\\/www.facebook.com\\\/profile.php?id=100085260804855\",\"https:\\\/\\\/www.instagram.com\\\/brainkinetik\\\/\",\"https:\\\/\\\/www.youtube.com\\\/@brainkinetik9488\",\"https:\\\/\\\/www.linkedin.com\\\/company\\\/brainkinetik\\\/\"]}]}<\/script>\n<!-- \/ Yoast SEO plugin. -->","yoast_head_json":{"title":"TEAM - BRAINKINETIK&reg;","description":"Leidenschaft pur. Unser Team besteht aus leidenschaftlich agierenden Spezialisten. Unsere Verbindung basiert auf Freude am Tun","robots":{"index":"index","follow":"follow","max-snippet":"max-snippet:-1","max-image-preview":"max-image-preview:large","max-video-preview":"max-video-preview:-1"},"canonical":"https:\/\/brainkinetik.online\/en\/das-team\/","og_locale":"en_US","og_type":"article","og_title":"TEAM - BRAINKINETIK&reg;","og_description":"Leidenschaft pur. Unser Team besteht aus leidenschaftlich agierenden Spezialisten. Unsere Verbindung basiert auf Freude am Tun","og_url":"https:\/\/brainkinetik.online\/en\/das-team\/","og_site_name":"BRAINKINETIK&reg;","article_publisher":"https:\/\/www.facebook.com\/profile.php?id=100085260804855","article_modified_time":"2024-05-21T11:59:01+00:00","twitter_card":"summary_large_image","twitter_misc":{"Est. reading time":"4 minutes"},"schema":{"@context":"https:\/\/schema.org","@graph":[{"@type":"WebPage","@id":"https:\/\/brainkinetik.online\/das-team\/","url":"https:\/\/brainkinetik.online\/das-team\/","name":"TEAM - BRAINKINETIK&reg;","isPartOf":{"@id":"https:\/\/brainkinetik-xf570rxsj1.live-website.com\/#website"},"datePublished":"2023-01-03T11:32:02+00:00","dateModified":"2024-05-21T11:59:01+00:00","description":"Leidenschaft pur. Unser Team besteht aus leidenschaftlich agierenden Spezialisten. Unsere Verbindung basiert auf Freude am Tun","breadcrumb":{"@id":"https:\/\/brainkinetik.online\/das-team\/#breadcrumb"},"inLanguage":"en-US","potentialAction":[{"@type":"ReadAction","target":["https:\/\/brainkinetik.online\/das-team\/"]}]},{"@type":"BreadcrumbList","@id":"https:\/\/brainkinetik.online\/das-team\/#breadcrumb","itemListElement":[{"@type":"ListItem","position":1,"name":"Startseite","item":"https:\/\/brainkinetik.online\/"},{"@type":"ListItem","position":2,"name":"TEAM"}]},{"@type":"WebSite","@id":"https:\/\/brainkinetik-xf570rxsj1.live-website.com\/#website","url":"https:\/\/brainkinetik-xf570rxsj1.live-website.com\/","name":"BRAINKINETIK&reg;","description":"Mach's einfach.","publisher":{"@id":"https:\/\/brainkinetik-xf570rxsj1.live-website.com\/#organization"},"potentialAction":[{"@type":"SearchAction","target":{"@type":"EntryPoint","urlTemplate":"https:\/\/brainkinetik-xf570rxsj1.live-website.com\/?s={search_term_string}"},"query-input":{"@type":"PropertyValueSpecification","valueRequired":true,"valueName":"search_term_string"}}],"inLanguage":"en-US"},{"@type":"Organization","@id":"https:\/\/brainkinetik-xf570rxsj1.live-website.com\/#organization","name":"BRAINKINETIK\u00ae - MACH'S EINFACH.","alternateName":"BRAINKINETIK\u00ae","url":"https:\/\/brainkinetik-xf570rxsj1.live-website.com\/","logo":{"@type":"ImageObject","inLanguage":"en-US","@id":"https:\/\/brainkinetik-xf570rxsj1.live-website.com\/#\/schema\/logo\/image\/","url":"https:\/\/brainkinetik.online\/wp-content\/uploads\/2022\/12\/BK_Logo_1222_Zeichenflaeche-1.png","contentUrl":"https:\/\/brainkinetik.online\/wp-content\/uploads\/2022\/12\/BK_Logo_1222_Zeichenflaeche-1.png","width":1536,"height":591,"caption":"BRAINKINETIK\u00ae - MACH'S EINFACH."},"image":{"@id":"https:\/\/brainkinetik-xf570rxsj1.live-website.com\/#\/schema\/logo\/image\/"},"sameAs":["https:\/\/www.facebook.com\/profile.php?id=100085260804855","https:\/\/www.instagram.com\/brainkinetik\/","https:\/\/www.youtube.com\/@brainkinetik9488","https:\/\/www.linkedin.com\/company\/brainkinetik\/"]}]}},"_links":{"self":[{"href":"https:\/\/brainkinetik.online\/en\/wp-json\/wp\/v2\/pages\/20204043","targetHints":{"allow":["GET"]}}],"collection":[{"href":"https:\/\/brainkinetik.online\/en\/wp-json\/wp\/v2\/pages"}],"about":[{"href":"https:\/\/brainkinetik.online\/en\/wp-json\/wp\/v2\/types\/page"}],"author":[{"embeddable":true,"href":"https:\/\/brainkinetik.online\/en\/wp-json\/wp\/v2\/users\/2"}],"replies":[{"embeddable":true,"href":"https:\/\/brainkinetik.online\/en\/wp-json\/wp\/v2\/comments?post=20204043"}],"version-history":[{"count":33,"href":"https:\/\/brainkinetik.online\/en\/wp-json\/wp\/v2\/pages\/20204043\/revisions"}],"predecessor-version":[{"id":23479356,"href":"https:\/\/brainkinetik.online\/en\/wp-json\/wp\/v2\/pages\/20204043\/revisions\/23479356"}],"wp:attachment":[{"href":"https:\/\/brainkinetik.online\/en\/wp-json\/wp\/v2\/media?parent=20204043"}],"wp:term":[{"taxonomy":"dipi_cpt_category","embeddable":true,"href":"https:\/\/brainkinetik.online\/en\/wp-json\/wp\/v2\/dipi_cpt_category?post=20204043"}],"curies":[{"name":"wp","href":"https:\/\/api.w.org\/{rel}","templated":true}]}}